{"id":853,"date":"2025-10-29T17:26:27","date_gmt":"2025-10-29T16:26:27","guid":{"rendered":"https:\/\/leaders-copilot.com\/?page_id=853"},"modified":"2025-11-22T20:14:09","modified_gmt":"2025-11-22T19:14:09","slug":"gestion-de-projet","status":"publish","type":"page","link":"https:\/\/leaders-copilot.com\/index.php\/gestion-de-projet\/","title":{"rendered":"Gestion de projet"},"content":{"rendered":"\n<div class=\"wp-block-cover\" style=\"min-height:700px;aspect-ratio:unset;\"><img loading=\"lazy\" decoding=\"async\" width=\"1024\" height=\"683\" class=\"wp-block-cover__image-background wp-image-530 size-large\" alt=\"Construire le changement, gestion de projet\" src=\"http:\/\/leaders-copilot.com\/wp-content\/uploads\/2025\/01\/DSCF3839-1024x683.jpg\" data-object-fit=\"cover\" srcset=\"https:\/\/leaders-copilot.com\/wp-content\/uploads\/2025\/01\/DSCF3839-1024x683.jpg 1024w, https:\/\/leaders-copilot.com\/wp-content\/uploads\/2025\/01\/DSCF3839-300x200.jpg 300w, https:\/\/leaders-copilot.com\/wp-content\/uploads\/2025\/01\/DSCF3839-2000x1333.jpg 2000w, https:\/\/leaders-copilot.com\/wp-content\/uploads\/2025\/01\/DSCF3839-600x400.jpg 600w, https:\/\/leaders-copilot.com\/wp-content\/uploads\/2025\/01\/DSCF3839-1200x800.jpg 1200w\" sizes=\"auto, (max-width: 1024px) 100vw, 1024px\" \/><span aria-hidden=\"true\" class=\"wp-block-cover__background has-primary-background-color has-background-dim\"><\/span><div class=\"wp-block-cover__inner-container has-global-padding is-layout-constrained wp-block-cover-is-layout-constrained\">\n<div style=\"height:250px\" aria-hidden=\"true\" class=\"wp-block-spacer\"><\/div>\n\n\n\n<p class=\"has-text-align-center has-large-font-size\" style=\"font-style:normal;font-weight:100\">Gestion de projet<\/p>\n\n\n\n<div style=\"height:280px\" aria-hidden=\"true\" class=\"wp-block-spacer\"><\/div>\n<\/div><\/div>\n\n\n\n<div class=\"wp-block-columns is-layout-flex wp-container-core-columns-is-layout-28f84493 wp-block-columns-is-layout-flex\">\n<div class=\"wp-block-column is-layout-flow wp-block-column-is-layout-flow\" style=\"flex-basis:33.33%\">\n<div class=\"wp-block-cover has-custom-content-position is-position-top-left\" style=\"padding-top:var(--wp--preset--spacing--small);padding-right:var(--wp--preset--spacing--x-small);padding-bottom:var(--wp--preset--spacing--small);padding-left:var(--wp--preset--spacing--x-small)\"><span aria-hidden=\"true\" class=\"wp-block-cover__background has-primary-background-color has-background-dim-70 has-background-dim\"><\/span><div class=\"wp-block-cover__inner-container is-layout-flow wp-block-cover-is-layout-flow\">\n<h3 class=\"wp-block-heading has-secondary-color has-text-color has-medium-font-size\" style=\"margin-top:0;margin-right:0;margin-bottom:0;margin-left:0\">Enjeux<\/h3>\n\n\n\n<div style=\"height:16px\" aria-hidden=\"true\" class=\"wp-block-spacer\"><\/div>\n\n\n\n<p>Derri\u00e8re chaque projet il y a un cap, une volont\u00e9, des objectifs pour le futur. Qu&rsquo;il s&rsquo;agisse de proposer quelque chose de nouveau \u00e0 vos clients, ou d&rsquo;am\u00e9liorer votre organisation, ce futur est ce \u00e0 quoi vous aspirez.<\/p>\n\n\n\n<p class=\"has-text-align-left\">Mener un projet, c&rsquo;est prendre, dans le pr\u00e9sent, toutes les dispositions pour que ce futur se mat\u00e9rialise, malgr\u00e9 les risques et les incertitudes.<\/p>\n\n\n\n<p>Nous sommes l\u00e0 pour vous soutenir vous et vos \u00e9quipes de gestion de projet afin de fiabiliser vos initiatives et de s\u00e9curiser vos investissements via un accompagnement adapt\u00e9 \u00e0 vos besoins.<\/p>\n<\/div><\/div>\n<\/div>\n\n\n\n<div class=\"wp-block-column is-layout-flow wp-block-column-is-layout-flow\" style=\"flex-basis:66.66%\">\n<div class=\"wp-block-cover is-light has-custom-content-position is-position-top-left\" style=\"padding-top:var(--wp--preset--spacing--small);padding-right:var(--wp--preset--spacing--x-small);padding-bottom:var(--wp--preset--spacing--small);padding-left:var(--wp--preset--spacing--x-small)\"><span aria-hidden=\"true\" class=\"wp-block-cover__background has-background-dim-0 has-background-dim\"><\/span><div class=\"wp-block-cover__inner-container is-layout-flow wp-block-cover-is-layout-flow\">\n<h3 class=\"wp-block-heading has-secondary-color has-text-color has-medium-font-size\" style=\"margin-top:0;margin-right:0;margin-bottom:0;margin-left:0\">Nos Services<\/h3>\n\n\n\n<div class=\"wp-block-cover\" style=\"min-height:100px;aspect-ratio:unset;\"><img loading=\"lazy\" decoding=\"async\" width=\"2173\" height=\"265\" class=\"wp-block-cover__image-background wp-image-968 size-full\" alt=\"\" src=\"https:\/\/leaders-copilot.com\/wp-content\/uploads\/2025\/11\/Processus-gestion-de-projet.png\" data-object-fit=\"cover\" srcset=\"https:\/\/leaders-copilot.com\/wp-content\/uploads\/2025\/11\/Processus-gestion-de-projet.png 2173w, https:\/\/leaders-copilot.com\/wp-content\/uploads\/2025\/11\/Processus-gestion-de-projet-300x37.png 300w, https:\/\/leaders-copilot.com\/wp-content\/uploads\/2025\/11\/Processus-gestion-de-projet-1024x125.png 1024w, https:\/\/leaders-copilot.com\/wp-content\/uploads\/2025\/11\/Processus-gestion-de-projet-2000x244.png 2000w\" sizes=\"auto, (max-width: 2173px) 100vw, 2173px\" \/><span aria-hidden=\"true\" class=\"wp-block-cover__background has-background-dim-10 has-background-dim\"><\/span><div class=\"wp-block-cover__inner-container has-global-padding is-layout-constrained wp-block-cover-is-layout-constrained\">\n<p class=\"has-text-align-center has-large-font-size\"><\/p>\n<\/div><\/div>\n\n\n\n<div class=\"wp-block-columns is-layout-flex wp-container-core-columns-is-layout-28f84493 wp-block-columns-is-layout-flex\">\n<div class=\"wp-block-column is-layout-flow wp-block-column-is-layout-flow\">\n<div class=\"wp-block-cover has-custom-content-position is-position-top-center has-border-color\" style=\"border-color:#D9D9D9;border-style:solid;border-width:1px;border-radius:0px;min-height:310px;aspect-ratio:unset;\"><img loading=\"lazy\" decoding=\"async\" width=\"1024\" height=\"768\" class=\"wp-block-cover__image-background wp-image-907 size-large\" alt=\"\" src=\"https:\/\/leaders-copilot.com\/wp-content\/uploads\/2025\/11\/seminar-1024x768.jpg\" style=\"object-position:0% 0%\" data-object-fit=\"cover\" data-object-position=\"0% 0%\" srcset=\"https:\/\/leaders-copilot.com\/wp-content\/uploads\/2025\/11\/seminar-1024x768.jpg 1024w, https:\/\/leaders-copilot.com\/wp-content\/uploads\/2025\/11\/seminar-300x225.jpg 300w, https:\/\/leaders-copilot.com\/wp-content\/uploads\/2025\/11\/seminar-2000x1500.jpg 2000w\" sizes=\"auto, (max-width: 1024px) 100vw, 1024px\" \/><span aria-hidden=\"true\" class=\"wp-block-cover__background has-primary-background-color has-background-dim-80 has-background-dim\"><\/span><div class=\"wp-block-cover__inner-container has-global-padding is-layout-constrained wp-block-cover-is-layout-constrained\">\n<p class=\"has-text-align-center has-lightgrey-color has-text-color has-link-color has-medium-font-size wp-elements-9210a93a00c3f571e5eb27a31d57bd06\" style=\"font-style:normal;font-weight:300\">Analyse de besoins<\/p>\n\n\n\n<p class=\"has-lightgrey-color has-text-color has-link-color wp-elements-1fb45c4e862351cd8a97751996594211\" style=\"font-style:normal;font-weight:100\">Nous soutenons vos \u00e9quipes par le biais d&rsquo;\u00e9tudes afin de construire avec elles des projets \u00e0 forte valeur ajout\u00e9e, qu&rsquo;ils soient destin\u00e9s \u00e0 vos clients ou \u00e0 vos transformations.<\/p>\n<\/div><\/div>\n<\/div>\n\n\n\n<div class=\"wp-block-column is-layout-flow wp-block-column-is-layout-flow\">\n<div class=\"wp-block-cover has-custom-content-position is-position-top-center has-border-color\" style=\"border-color:#D9D9D9;border-width:1px;border-radius:0px;min-height:310px;aspect-ratio:unset;\"><img loading=\"lazy\" decoding=\"async\" width=\"1024\" height=\"477\" class=\"wp-block-cover__image-background wp-image-904 size-large\" alt=\"\" src=\"http:\/\/leaders-copilot.com\/wp-content\/uploads\/2025\/11\/gantt-1024x477.png\" style=\"object-position:72% 89%\" data-object-fit=\"cover\" data-object-position=\"72% 89%\" srcset=\"https:\/\/leaders-copilot.com\/wp-content\/uploads\/2025\/11\/gantt-1024x477.png 1024w, https:\/\/leaders-copilot.com\/wp-content\/uploads\/2025\/11\/gantt-300x140.png 300w, https:\/\/leaders-copilot.com\/wp-content\/uploads\/2025\/11\/gantt.png 1840w\" sizes=\"auto, (max-width: 1024px) 100vw, 1024px\" \/><span aria-hidden=\"true\" class=\"wp-block-cover__background has-primary-background-color has-background-dim-80 has-background-dim\"><\/span><div class=\"wp-block-cover__inner-container has-global-padding is-layout-constrained wp-block-cover-is-layout-constrained\">\n<p class=\"has-text-align-center has-lightgrey-color has-text-color has-link-color has-medium-font-size wp-elements-e5e1094b79b6d47c4a0fa57b27477f83\" style=\"font-style:normal;font-weight:300\">Planification<\/p>\n\n\n\n<p class=\"has-lightgrey-color has-text-color has-link-color wp-elements-82b1b0e50d5ff79f6d9d8d241950dca1\" style=\"font-style:normal;font-weight:100\">Nous vous aidons \u00e0 maitriser vos co\u00fbts et vos d\u00e9lais par des estimations fiables des temps d&rsquo;op\u00e9rations, une coordination des parties prenantes et une organisation robuste de vos projets.<\/p>\n<\/div><\/div>\n<\/div>\n\n\n\n<div class=\"wp-block-column is-layout-flow wp-block-column-is-layout-flow\">\n<div class=\"wp-block-cover has-custom-content-position is-position-top-center has-border-color wp-duotone-unset-1\" style=\"border-color:#D9D9D9;border-width:1px;border-radius:0px;min-height:310px;aspect-ratio:unset;\"><img loading=\"lazy\" decoding=\"async\" width=\"1024\" height=\"482\" class=\"wp-block-cover__image-background wp-image-906 size-large\" alt=\"\" src=\"https:\/\/leaders-copilot.com\/wp-content\/uploads\/2025\/11\/monitoring-ncharts-1024x482.png\" data-object-fit=\"cover\" srcset=\"https:\/\/leaders-copilot.com\/wp-content\/uploads\/2025\/11\/monitoring-ncharts-1024x482.png 1024w, https:\/\/leaders-copilot.com\/wp-content\/uploads\/2025\/11\/monitoring-ncharts-300x141.png 300w, https:\/\/leaders-copilot.com\/wp-content\/uploads\/2025\/11\/monitoring-ncharts.png 1847w\" sizes=\"auto, (max-width: 1024px) 100vw, 1024px\" \/><span aria-hidden=\"true\" class=\"wp-block-cover__background has-primary-background-color has-background-dim-80 has-background-dim\"><\/span><div class=\"wp-block-cover__inner-container has-global-padding is-layout-constrained wp-block-cover-is-layout-constrained\">\n<p class=\"has-text-align-center has-lightgrey-color has-text-color has-link-color has-medium-font-size wp-elements-bdf0367a6ff6a76c8622c03dd3042fcd\" style=\"font-style:normal;font-weight:300\">Monitoring<\/p>\n\n\n\n<p class=\"has-lightgrey-color has-text-color has-link-color wp-elements-44ea30d1d3c2214e43f221820ca93be8\" style=\"font-style:normal;font-weight:100\">Nous vous proposons les meilleures pratiques de suivi de projet, afin d&rsquo;accompagner leur bonne impl\u00e9mentation et de mesurer leur succ\u00e8s.<\/p>\n<\/div><\/div>\n<\/div>\n<\/div>\n<\/div><\/div>\n<\/div>\n<\/div>\n\n\n\n<div class=\"wp-block-columns is-layout-flex wp-container-core-columns-is-layout-28f84493 wp-block-columns-is-layout-flex\">\n<div class=\"wp-block-column is-layout-flow wp-block-column-is-layout-flow\" style=\"flex-basis:33.33%\">\n<div class=\"wp-block-cover has-custom-content-position is-position-top-left\" style=\"padding-top:var(--wp--preset--spacing--small);padding-right:var(--wp--preset--spacing--x-small);padding-bottom:var(--wp--preset--spacing--small);padding-left:var(--wp--preset--spacing--x-small);min-height:490px;aspect-ratio:unset;\"><img loading=\"lazy\" decoding=\"async\" width=\"510\" height=\"680\" class=\"wp-block-cover__image-background wp-image-864 size-full\" alt=\"\" src=\"http:\/\/leaders-copilot.com\/wp-content\/uploads\/2025\/10\/1200x680_index-617779103-edited.jpg\" data-object-fit=\"cover\" srcset=\"https:\/\/leaders-copilot.com\/wp-content\/uploads\/2025\/10\/1200x680_index-617779103-edited.jpg 510w, https:\/\/leaders-copilot.com\/wp-content\/uploads\/2025\/10\/1200x680_index-617779103-edited-225x300.jpg 225w\" sizes=\"auto, (max-width: 510px) 100vw, 510px\" \/><span aria-hidden=\"true\" class=\"wp-block-cover__background has-primary-background-color has-background-dim-70 has-background-dim\"><\/span><div class=\"wp-block-cover__inner-container is-layout-flow wp-block-cover-is-layout-flow\">\n<h3 class=\"wp-block-heading has-secondary-color has-text-color has-medium-font-size\" style=\"margin-top:0;margin-right:0;margin-bottom:0;margin-left:0\">Histoire de travail<\/h3>\n\n\n\n<p><\/p>\n<\/div><\/div>\n<\/div>\n\n\n\n<div class=\"wp-block-column is-layout-flow wp-block-column-is-layout-flow\" style=\"flex-basis:66.66%\">\n<div class=\"wp-block-cover is-light has-custom-content-position is-position-top-left wp-duotone-unset-2\" style=\"padding-top:var(--wp--preset--spacing--small);padding-right:var(--wp--preset--spacing--x-small);padding-bottom:var(--wp--preset--spacing--small);padding-left:var(--wp--preset--spacing--x-small)\"><span aria-hidden=\"true\" class=\"wp-block-cover__background has-background-dim-0 has-background-dim\"><\/span><div class=\"wp-block-cover__inner-container is-layout-flow wp-block-cover-is-layout-flow\">\n<p class=\"has-background-color has-text-color has-link-color wp-elements-e6601df9fb6dd8e2de4b9659a19d539a\">Un grand groupe du secteur de la construction me contacte pour un avis d&rsquo;expert sur la conception de salles d&rsquo;audience pour un nouveau tribunal. Ce qui m&rsquo;est demand\u00e9 c&rsquo;est une certification que tout a \u00e9t\u00e9 fait aux normes.<\/p>\n\n\n\n<p class=\"has-background-color has-text-color has-link-color wp-elements-ce617d3b4770e815a8d1c109a984377d\">Pour savoir si le projet fonctionne, se r\u00e9f\u00e9rer aux normes n&rsquo;est ici, selon moi, pas suffisant. Une norme n&rsquo;est pas une obligation l\u00e9gale, ce n&rsquo;est qu&rsquo;une r\u00e9f\u00e9rence qui s&rsquo;adapte plus ou moins bien en fonction des situations. Aussi, pour savoir si des audiences peuvent se d\u00e9rouler convenablement dans ces salles, il est n\u00e9cessaire de savoir comment se d\u00e9roule un proc\u00e8s et de recenser les besoins des professionnels qui travaillent dans ces espaces. Je visite donc d&rsquo;autres tribunaux, j&rsquo;interroge des magistrats, des avocats ou encore des greffiers.<\/p>\n\n\n\n<p class=\"has-background-color has-text-color has-link-color wp-elements-b8a69426fe7f1959154088194168bd83\">Si ces salles respectaient en tous points les normes, elles \u00e9taient si mal con\u00e7ues qu&rsquo;aucun proc\u00e8s n&rsquo;auraient jamais pu s&rsquo;y d\u00e9rouler : des bancs qui emp\u00eachent procureurs et avocats d&rsquo;utiliser leur ordinateur, un greffier excentr\u00e9 incapable de transmettre des pi\u00e8ces aux parties, une chaise si mal choisie que le Pr\u00e9sident, emp\u00eatr\u00e9 dans sa robe, tombe en pleine audience\u2026<\/p>\n\n\n\n<p class=\"has-background-color has-text-color has-link-color wp-elements-5f2be3302787af84019caae2c8052d17\">Mon travail dans un projet est de mesurer l&rsquo;ad\u00e9quation de ce qui est propos\u00e9 avec les besoin, de m&rsquo;assurer que ces informations remontent au bon moment, qu&rsquo;elles ne se perdent pas au fil du temps, de mesurer les impacts \u00e9conomiques et r\u00e9putationnel des arbitrages. Et quelques fois, faire en sorte que les juges puissent rester sur leurs chaises.<\/p>\n<\/div><\/div>\n<\/div>\n<\/div>\n\n\n\n<div class=\"wp-block-columns is-layout-flex wp-container-core-columns-is-layout-28f84493 wp-block-columns-is-layout-flex\">\n<div class=\"wp-block-column is-layout-flow wp-block-column-is-layout-flow\" style=\"padding-top:0;padding-right:0;padding-bottom:0;padding-left:0\">\n<div class=\"wp-block-cover has-custom-content-position is-position-bottom-left\" style=\"padding-top:var(--wp--preset--spacing--small);padding-right:var(--wp--preset--spacing--x-small);padding-bottom:var(--wp--preset--spacing--small);padding-left:var(--wp--preset--spacing--x-small)\"><img loading=\"lazy\" decoding=\"async\" width=\"640\" height=\"480\" class=\"wp-block-cover__image-background wp-image-322\" alt=\"\" src=\"https:\/\/leaders-copilot.com\/wp-content\/uploads\/2025\/01\/Hang_up_the_phone._Unsplash.jpg\" data-object-fit=\"cover\" srcset=\"https:\/\/leaders-copilot.com\/wp-content\/uploads\/2025\/01\/Hang_up_the_phone._Unsplash.jpg 640w, https:\/\/leaders-copilot.com\/wp-content\/uploads\/2025\/01\/Hang_up_the_phone._Unsplash-300x225.jpg 300w\" sizes=\"auto, (max-width: 640px) 100vw, 640px\" \/><span aria-hidden=\"true\" class=\"wp-block-cover__background has-primary-background-color has-background-dim-70 has-background-dim\"><\/span><div class=\"wp-block-cover__inner-container is-layout-flow wp-block-cover-is-layout-flow\">\n<p class=\"has-text-align-left has-large-font-size\">Nous contacter<\/p>\n\n\n\n<div class=\"wp-block-group is-nowrap is-layout-flex wp-container-core-group-is-layout-6c531013 wp-block-group-is-layout-flex\">\n<figure class=\"wp-block-image size-full is-resized\" style=\"margin-top:0;margin-bottom:0\"><img loading=\"lazy\" decoding=\"async\" width=\"512\" height=\"512\" src=\"http:\/\/leaders-copilot.com\/wp-content\/uploads\/2025\/01\/phone-call-white-icon.png\" alt=\"\" class=\"wp-image-329\" style=\"width:34px\" srcset=\"https:\/\/leaders-copilot.com\/wp-content\/uploads\/2025\/01\/phone-call-white-icon.png 512w, https:\/\/leaders-copilot.com\/wp-content\/uploads\/2025\/01\/phone-call-white-icon-300x300.png 300w, https:\/\/leaders-copilot.com\/wp-content\/uploads\/2025\/01\/phone-call-white-icon-150x150.png 150w\" sizes=\"auto, (max-width: 512px) 100vw, 512px\" \/><\/figure>\n\n\n\n<p>+33 6 10 57 02 23<\/p>\n<\/div>\n\n\n\n<div class=\"wp-block-group is-nowrap is-layout-flex wp-container-core-group-is-layout-6c531013 wp-block-group-is-layout-flex\">\n<figure class=\"wp-block-image size-full is-resized is-style-default\" style=\"margin-top:0;margin-bottom:0\"><img loading=\"lazy\" decoding=\"async\" width=\"512\" height=\"512\" src=\"http:\/\/leaders-copilot.com\/wp-content\/uploads\/2025\/01\/email-envelope-line-white-icon.webp\" alt=\"\" class=\"wp-image-330\" style=\"width:34px\" srcset=\"https:\/\/leaders-copilot.com\/wp-content\/uploads\/2025\/01\/email-envelope-line-white-icon.webp 512w, https:\/\/leaders-copilot.com\/wp-content\/uploads\/2025\/01\/email-envelope-line-white-icon-300x300.webp 300w, https:\/\/leaders-copilot.com\/wp-content\/uploads\/2025\/01\/email-envelope-line-white-icon-150x150.webp 150w\" sizes=\"auto, (max-width: 512px) 100vw, 512px\" \/><\/figure>\n\n\n\n<p><a href=\"mailto:c.taledo@leaders-copilot.com\">c.taledo@leaders-copilot.com<\/a><\/p>\n<\/div>\n<\/div><\/div>\n<\/div>\n\n\n\n<div class=\"wp-block-column is-layout-flow wp-block-column-is-layout-flow\" style=\"flex-basis:33.33%\"><\/div>\n<\/div>\n\n\n\n<p><\/p>\n","protected":false},"excerpt":{"rendered":"","protected":false},"author":1,"featured_media":0,"parent":0,"menu_order":0,"comment_status":"closed","ping_status":"closed","template":"page-templates\/full-width-no-title.php","meta":{"footnotes":""},"class_list":["post-853","page","type-page","status-publish","hentry"],"featured_media_urls":[],"_links":{"self":[{"href":"https:\/\/leaders-copilot.com\/index.php\/wp-json\/wp\/v2\/pages\/853","targetHints":{"allow":["GET"]}}],"collection":[{"href":"https:\/\/leaders-copilot.com\/index.php\/wp-json\/wp\/v2\/pages"}],"about":[{"href":"https:\/\/leaders-copilot.com\/index.php\/wp-json\/wp\/v2\/types\/page"}],"author":[{"embeddable":true,"href":"https:\/\/leaders-copilot.com\/index.php\/wp-json\/wp\/v2\/users\/1"}],"replies":[{"embeddable":true,"href":"https:\/\/leaders-copilot.com\/index.php\/wp-json\/wp\/v2\/comments?post=853"}],"version-history":[{"count":113,"href":"https:\/\/leaders-copilot.com\/index.php\/wp-json\/wp\/v2\/pages\/853\/revisions"}],"predecessor-version":[{"id":1277,"href":"https:\/\/leaders-copilot.com\/index.php\/wp-json\/wp\/v2\/pages\/853\/revisions\/1277"}],"wp:attachment":[{"href":"https:\/\/leaders-copilot.com\/index.php\/wp-json\/wp\/v2\/media?parent=853"}],"curies":[{"name":"wp","href":"https:\/\/api.w.org\/{rel}","templated":true}]}}