{"id":1204,"date":"2025-11-22T15:21:12","date_gmt":"2025-11-22T14:21:12","guid":{"rendered":"https:\/\/leaders-copilot.com\/?page_id=1204"},"modified":"2025-11-22T16:18:53","modified_gmt":"2025-11-22T15:18:53","slug":"o-seu-copiloto","status":"publish","type":"page","link":"https:\/\/leaders-copilot.com\/index.php\/pt\/o-seu-copiloto\/","title":{"rendered":"O seu Copiloto"},"content":{"rendered":"\n<div style=\"height:100px\" aria-hidden=\"true\" class=\"wp-block-spacer\"><\/div>\n\n\n\n<div class=\"wp-block-cover alignfull has-custom-content-position is-position-center-left\" style=\"min-height:750px;aspect-ratio:unset;\"><img loading=\"lazy\" decoding=\"async\" width=\"2560\" height=\"1707\" class=\"wp-block-cover__image-background wp-image-578\" alt=\"\" src=\"http:\/\/leaders-copilot.com\/wp-content\/uploads\/2025\/01\/DSCF9038-scaled.jpg\" style=\"object-position:62% 44%\" data-object-fit=\"cover\" data-object-position=\"62% 44%\" srcset=\"https:\/\/leaders-copilot.com\/wp-content\/uploads\/2025\/01\/DSCF9038-scaled.jpg 2560w, https:\/\/leaders-copilot.com\/wp-content\/uploads\/2025\/01\/DSCF9038-300x200.jpg 300w, https:\/\/leaders-copilot.com\/wp-content\/uploads\/2025\/01\/DSCF9038-1024x683.jpg 1024w\" sizes=\"auto, (max-width: 2560px) 100vw, 2560px\" \/><span aria-hidden=\"true\" class=\"wp-block-cover__background has-primary-background-color has-background-dim\"><\/span><div class=\"wp-block-cover__inner-container has-global-padding is-layout-constrained wp-block-cover-is-layout-constrained\">\n<p class=\"has-text-align-left has-secondary-color has-text-color has-link-color has-large-font-size wp-elements-9ef0c69e79d4a643c806badeb18c5fc0\" style=\"font-style:normal;font-weight:1000\">Carlos Taledo<\/p>\n\n\n\n<p>Carlos fundou o projeto Leaders&rsquo; Copilot e apoia l\u00edderes h\u00e1 quase 15 anos na Europa e na Am\u00e9rica do Norte.<\/p>\n\n\n\n<p>Canivete su\u00ed\u00e7o com mestrados em sociologia, ci\u00eancias cognitivas e administra\u00e7\u00e3o de empresas, gosta de tratar quest\u00f5es organizacionais complexas, descobrir novos setores empresariais e ajudar as pessoas a desenvolverem-se profissionalmente. Para apoiar totalmente a resili\u00eancia dos seus clientes, tamb\u00e9m frequentou um curso de gest\u00e3o das altera\u00e7\u00f5es clim\u00e1ticas na Harvard Business School.<\/p>\n\n\n\n<p>Esta curiosidade levou-o a um percurso profissional incomum que o levou a diagnosticar dezenas de organiza\u00e7\u00f5es, desde a ind\u00fastria dos videojogos \u00e0 sa\u00fade, bens de luxo ou departamentos governamentais, participar em projetos arquitet\u00f3nicos, ajudar a gerir acidentes no local de trabalho, melhorar processos de marketing e desenvolvimento de software, estudar m\u00e9todos de cuidados geri\u00e1tricos, implementar quadros de melhoria cont\u00ednua e, curiosamente, ajudar a desenhar o interior de um barco&#8230;<\/p>\n<\/div><\/div>\n\n\n\n<p><\/p>\n","protected":false},"excerpt":{"rendered":"","protected":false},"author":1,"featured_media":0,"parent":0,"menu_order":0,"comment_status":"closed","ping_status":"closed","template":"page-templates\/full-width-no-title.php","meta":{"footnotes":""},"class_list":["post-1204","page","type-page","status-publish","hentry"],"featured_media_urls":[],"_links":{"self":[{"href":"https:\/\/leaders-copilot.com\/index.php\/wp-json\/wp\/v2\/pages\/1204","targetHints":{"allow":["GET"]}}],"collection":[{"href":"https:\/\/leaders-copilot.com\/index.php\/wp-json\/wp\/v2\/pages"}],"about":[{"href":"https:\/\/leaders-copilot.com\/index.php\/wp-json\/wp\/v2\/types\/page"}],"author":[{"embeddable":true,"href":"https:\/\/leaders-copilot.com\/index.php\/wp-json\/wp\/v2\/users\/1"}],"replies":[{"embeddable":true,"href":"https:\/\/leaders-copilot.com\/index.php\/wp-json\/wp\/v2\/comments?post=1204"}],"version-history":[{"count":3,"href":"https:\/\/leaders-copilot.com\/index.php\/wp-json\/wp\/v2\/pages\/1204\/revisions"}],"predecessor-version":[{"id":1231,"href":"https:\/\/leaders-copilot.com\/index.php\/wp-json\/wp\/v2\/pages\/1204\/revisions\/1231"}],"wp:attachment":[{"href":"https:\/\/leaders-copilot.com\/index.php\/wp-json\/wp\/v2\/media?parent=1204"}],"curies":[{"name":"wp","href":"https:\/\/api.w.org\/{rel}","templated":true}]}}