{"id":1200,"date":"2025-11-22T15:15:01","date_gmt":"2025-11-22T14:15:01","guid":{"rendered":"https:\/\/leaders-copilot.com\/?page_id=1200"},"modified":"2025-11-22T20:08:45","modified_gmt":"2025-11-22T19:08:45","slug":"gestao-estrategica","status":"publish","type":"page","link":"https:\/\/leaders-copilot.com\/index.php\/pt\/gestao-estrategica\/","title":{"rendered":"Gest\u00e3o estrat\u00e9gica"},"content":{"rendered":"\n<div class=\"wp-block-cover is-light\" style=\"min-height:700px;aspect-ratio:unset;\"><img loading=\"lazy\" decoding=\"async\" width=\"2560\" height=\"1707\" class=\"wp-block-cover__image-background wp-image-752\" alt=\"\" src=\"http:\/\/leaders-copilot.com\/wp-content\/uploads\/2025\/03\/DSCF6092-scaled.jpg\" data-object-fit=\"cover\" srcset=\"https:\/\/leaders-copilot.com\/wp-content\/uploads\/2025\/03\/DSCF6092-scaled.jpg 2560w, https:\/\/leaders-copilot.com\/wp-content\/uploads\/2025\/03\/DSCF6092-300x200.jpg 300w, https:\/\/leaders-copilot.com\/wp-content\/uploads\/2025\/03\/DSCF6092-1024x683.jpg 1024w, https:\/\/leaders-copilot.com\/wp-content\/uploads\/2025\/03\/DSCF6092-2000x1333.jpg 2000w, https:\/\/leaders-copilot.com\/wp-content\/uploads\/2025\/03\/DSCF6092-600x400.jpg 600w, https:\/\/leaders-copilot.com\/wp-content\/uploads\/2025\/03\/DSCF6092-1200x800.jpg 1200w\" sizes=\"auto, (max-width: 2560px) 100vw, 2560px\" \/><span aria-hidden=\"true\" class=\"wp-block-cover__background has-primary-background-color has-background-dim\"><\/span><div class=\"wp-block-cover__inner-container has-global-padding is-layout-constrained wp-block-cover-is-layout-constrained\">\n<div style=\"height:250px\" aria-hidden=\"true\" class=\"wp-block-spacer\"><\/div>\n\n\n\n<p class=\"has-text-align-center has-large-font-size\" style=\"font-style:normal;font-weight:100\">Gest\u00e3o estrat\u00e9gica<\/p>\n\n\n\n<div style=\"height:280px\" aria-hidden=\"true\" class=\"wp-block-spacer\"><\/div>\n<\/div><\/div>\n\n\n\n<div class=\"wp-block-columns is-layout-flex wp-container-core-columns-is-layout-28f84493 wp-block-columns-is-layout-flex\">\n<div class=\"wp-block-column is-layout-flow wp-block-column-is-layout-flow\" style=\"flex-basis:33.33%\">\n<div class=\"wp-block-cover has-custom-content-position is-position-top-left\" style=\"padding-top:var(--wp--preset--spacing--small);padding-right:var(--wp--preset--spacing--x-small);padding-bottom:var(--wp--preset--spacing--small);padding-left:var(--wp--preset--spacing--x-small);min-height:517px;aspect-ratio:unset;\"><span aria-hidden=\"true\" class=\"wp-block-cover__background has-primary-background-color has-background-dim-70 has-background-dim\"><\/span><div class=\"wp-block-cover__inner-container is-layout-flow wp-block-cover-is-layout-flow\">\n<h3 class=\"wp-block-heading has-secondary-color has-text-color has-medium-font-size\" style=\"margin-top:0;margin-right:0;margin-bottom:0;margin-left:0\">Assunto<\/h3>\n\n\n\n<div style=\"height:16px\" aria-hidden=\"true\" class=\"wp-block-spacer\"><\/div>\n\n\n\n<p>Ter uma estrat\u00e9gia implica definir um posicionamento para a sua organiza\u00e7\u00e3o, ter um plano de desenvolvimento para o alcan\u00e7ar e construir projetos para mobilizar as suas equipas.<\/p>\n\n\n\n<p>Para um l\u00edder, a gest\u00e3o estrat\u00e9gica \u00e9 a arte de dominar o destino da sua organiza\u00e7\u00e3o.<\/p>\n\n\n\n<p>Oferecemos-lhe apoio concreto para o ajudar nas suas decis\u00f5es e tornar a sua vis\u00e3o realidade.<\/p>\n<\/div><\/div>\n<\/div>\n\n\n\n<div class=\"wp-block-column is-layout-flow wp-block-column-is-layout-flow\" style=\"flex-basis:66.66%\">\n<div class=\"wp-block-cover is-light has-custom-content-position is-position-top-left\" style=\"padding-top:var(--wp--preset--spacing--small);padding-right:var(--wp--preset--spacing--x-small);padding-bottom:var(--wp--preset--spacing--small);padding-left:var(--wp--preset--spacing--x-small)\"><span aria-hidden=\"true\" class=\"wp-block-cover__background has-background-dim-0 has-background-dim\"><\/span><div class=\"wp-block-cover__inner-container is-layout-flow wp-block-cover-is-layout-flow\">\n<h3 class=\"wp-block-heading has-secondary-color has-text-color has-medium-font-size\" style=\"margin-top:0;margin-right:0;margin-bottom:0;margin-left:0\">Os nossos servi\u00e7os<\/h3>\n\n\n\n<div class=\"wp-block-cover\" style=\"min-height:100px;aspect-ratio:unset;\"><img loading=\"lazy\" decoding=\"async\" width=\"2088\" height=\"271\" class=\"wp-block-cover__image-background wp-image-1262 size-full\" alt=\"\" src=\"https:\/\/leaders-copilot.com\/wp-content\/uploads\/2025\/11\/Strategy-process-pt.png\" data-object-fit=\"cover\" srcset=\"https:\/\/leaders-copilot.com\/wp-content\/uploads\/2025\/11\/Strategy-process-pt.png 2088w, https:\/\/leaders-copilot.com\/wp-content\/uploads\/2025\/11\/Strategy-process-pt-300x39.png 300w, https:\/\/leaders-copilot.com\/wp-content\/uploads\/2025\/11\/Strategy-process-pt-1024x133.png 1024w, https:\/\/leaders-copilot.com\/wp-content\/uploads\/2025\/11\/Strategy-process-pt-2000x260.png 2000w\" sizes=\"auto, (max-width: 2088px) 100vw, 2088px\" \/><span aria-hidden=\"true\" class=\"wp-block-cover__background has-background-dim-10 has-background-dim\"><\/span><div class=\"wp-block-cover__inner-container has-global-padding is-layout-constrained wp-block-cover-is-layout-constrained\">\n<p class=\"has-text-align-center has-large-font-size\"><\/p>\n<\/div><\/div>\n\n\n\n<div class=\"wp-block-columns is-layout-flex wp-container-core-columns-is-layout-28f84493 wp-block-columns-is-layout-flex\">\n<div class=\"wp-block-column is-layout-flow wp-block-column-is-layout-flow\">\n<div class=\"wp-block-cover has-custom-content-position is-position-top-center has-border-color\" style=\"border-color:#D9D9D9;border-style:solid;border-width:1px;border-radius:0px;min-height:310px;aspect-ratio:unset;\"><img loading=\"lazy\" decoding=\"async\" width=\"1024\" height=\"683\" class=\"wp-block-cover__image-background wp-image-513 size-large\" alt=\"Vision strat\u00e9gique, planification strat\u00e9gique\" src=\"http:\/\/leaders-copilot.com\/wp-content\/uploads\/2025\/01\/DSCF7915-1024x683.jpg\" style=\"object-position:0% 0%\" data-object-fit=\"cover\" data-object-position=\"0% 0%\" srcset=\"https:\/\/leaders-copilot.com\/wp-content\/uploads\/2025\/01\/DSCF7915-1024x683.jpg 1024w, https:\/\/leaders-copilot.com\/wp-content\/uploads\/2025\/01\/DSCF7915-300x200.jpg 300w, https:\/\/leaders-copilot.com\/wp-content\/uploads\/2025\/01\/DSCF7915-2000x1333.jpg 2000w, https:\/\/leaders-copilot.com\/wp-content\/uploads\/2025\/01\/DSCF7915-600x400.jpg 600w, https:\/\/leaders-copilot.com\/wp-content\/uploads\/2025\/01\/DSCF7915-1200x800.jpg 1200w\" sizes=\"auto, (max-width: 1024px) 100vw, 1024px\" \/><span aria-hidden=\"true\" class=\"wp-block-cover__background has-primary-background-color has-background-dim-80 has-background-dim\"><\/span><div class=\"wp-block-cover__inner-container has-global-padding is-layout-constrained wp-block-cover-is-layout-constrained\">\n<p class=\"has-text-align-center has-lightgrey-color has-text-color has-link-color has-medium-font-size wp-elements-cf317664ef546ff26cc0f0b25e564e7a\" style=\"font-style:normal;font-weight:300\">Avalia\u00e7\u00e3o estrat\u00e9gica<\/p>\n\n\n\n<p class=\"has-lightgrey-color has-text-color has-link-color wp-elements-679efae5105cec6f99d707bc87519b10\" style=\"font-style:normal;font-weight:100\">Estudamos para si a sua concorr\u00eancia, tend\u00eancias sociol\u00f3gicas e tecnol\u00f3gicas, ou necessidades emergentes para ajudar na sua tomada de decis\u00e3o.<\/p>\n<\/div><\/div>\n<\/div>\n\n\n\n<div class=\"wp-block-column is-layout-flow wp-block-column-is-layout-flow\">\n<div class=\"wp-block-cover has-custom-content-position is-position-top-center has-border-color\" style=\"border-color:#D9D9D9;border-width:1px;border-radius:0px;min-height:310px;aspect-ratio:unset;\"><img loading=\"lazy\" decoding=\"async\" width=\"1024\" height=\"513\" class=\"wp-block-cover__image-background wp-image-1089 size-large\" alt=\"\" src=\"https:\/\/leaders-copilot.com\/wp-content\/uploads\/2025\/11\/maritim_chart_compass_north-631269-3960353555-1024x513.jpg\" data-object-fit=\"cover\" srcset=\"https:\/\/leaders-copilot.com\/wp-content\/uploads\/2025\/11\/maritim_chart_compass_north-631269-3960353555-1024x513.jpg 1024w, https:\/\/leaders-copilot.com\/wp-content\/uploads\/2025\/11\/maritim_chart_compass_north-631269-3960353555-300x150.jpg 300w, https:\/\/leaders-copilot.com\/wp-content\/uploads\/2025\/11\/maritim_chart_compass_north-631269-3960353555.jpg 1200w\" sizes=\"auto, (max-width: 1024px) 100vw, 1024px\" \/><span aria-hidden=\"true\" class=\"wp-block-cover__background has-primary-background-color has-background-dim-80 has-background-dim\"><\/span><div class=\"wp-block-cover__inner-container has-global-padding is-layout-constrained wp-block-cover-is-layout-constrained\">\n<p class=\"has-text-align-center has-lightgrey-color has-text-color has-link-color has-medium-font-size wp-elements-0ee7fd77122d8d5e2aa94c0ebcd71efb\" style=\"font-style:normal;font-weight:300\">Planeamento estrat\u00e9gico<\/p>\n\n\n\n<p class=\"has-lightgrey-color has-text-color has-link-color wp-elements-90b323d137681c5ba2813af523e0d937\" style=\"font-style:normal;font-weight:100\">Ajudamo-lo a traduzir a sua estrat\u00e9gia em objetivos financeiros e organizacionais, de modo a comunicar uma dire\u00e7\u00e3o clara \u00e0s suas equipas.<\/p>\n<\/div><\/div>\n<\/div>\n\n\n\n<div class=\"wp-block-column is-layout-flow wp-block-column-is-layout-flow\">\n<div class=\"wp-block-cover has-custom-content-position is-position-top-center has-border-color wp-duotone-unset-1\" style=\"border-color:#D9D9D9;border-width:1px;border-radius:0px;min-height:310px;aspect-ratio:unset;\"><img loading=\"lazy\" decoding=\"async\" width=\"1024\" height=\"680\" class=\"wp-block-cover__image-background wp-image-1094 size-large\" alt=\"\" src=\"https:\/\/leaders-copilot.com\/wp-content\/uploads\/2025\/11\/Capture-decran-2025-11-14-145254-1024x680.png\" data-object-fit=\"cover\" srcset=\"https:\/\/leaders-copilot.com\/wp-content\/uploads\/2025\/11\/Capture-decran-2025-11-14-145254-1024x680.png 1024w, https:\/\/leaders-copilot.com\/wp-content\/uploads\/2025\/11\/Capture-decran-2025-11-14-145254-300x199.png 300w, https:\/\/leaders-copilot.com\/wp-content\/uploads\/2025\/11\/Capture-decran-2025-11-14-145254.png 1195w\" sizes=\"auto, (max-width: 1024px) 100vw, 1024px\" \/><span aria-hidden=\"true\" class=\"wp-block-cover__background has-primary-background-color has-background-dim-80 has-background-dim\"><\/span><div class=\"wp-block-cover__inner-container has-global-padding is-layout-constrained wp-block-cover-is-layout-constrained\">\n<p class=\"has-text-align-center has-lightgrey-color has-text-color has-link-color has-medium-font-size wp-elements-743afd7710d919063a13395c5448b86e\" style=\"font-style:normal;font-weight:300\">Roteiro<\/p>\n\n\n\n<p class=\"has-lightgrey-color has-text-color has-link-color wp-elements-fdc0c0dfbdbad83ede00f3d0e44addbe\" style=\"font-style:normal;font-weight:100\">Ajudamo-lo a definir projetos de transforma\u00e7\u00e3o e prioridades para as suas equipas operacionais, como tantas pe\u00e7as de um puzzle que desenham a sua organiza\u00e7\u00e3o nos pr\u00f3ximos anos.<\/p>\n<\/div><\/div>\n<\/div>\n<\/div>\n<\/div><\/div>\n<\/div>\n<\/div>\n\n\n\n<div class=\"wp-block-columns is-layout-flex wp-container-core-columns-is-layout-28f84493 wp-block-columns-is-layout-flex\">\n<div class=\"wp-block-column is-layout-flow wp-block-column-is-layout-flow\" style=\"flex-basis:33.33%\">\n<div class=\"wp-block-cover has-custom-content-position is-position-top-left\" style=\"padding-top:var(--wp--preset--spacing--small);padding-right:var(--wp--preset--spacing--x-small);padding-bottom:var(--wp--preset--spacing--small);padding-left:var(--wp--preset--spacing--x-small);min-height:490px;aspect-ratio:unset;\"><img loading=\"lazy\" decoding=\"async\" width=\"2560\" height=\"1707\" class=\"wp-block-cover__image-background wp-image-744 size-full\" alt=\"\" src=\"http:\/\/leaders-copilot.com\/wp-content\/uploads\/2025\/03\/DSCF5851-scaled.jpg\" style=\"object-position:39% 56%\" data-object-fit=\"cover\" data-object-position=\"39% 56%\" srcset=\"https:\/\/leaders-copilot.com\/wp-content\/uploads\/2025\/03\/DSCF5851-scaled.jpg 2560w, https:\/\/leaders-copilot.com\/wp-content\/uploads\/2025\/03\/DSCF5851-300x200.jpg 300w, https:\/\/leaders-copilot.com\/wp-content\/uploads\/2025\/03\/DSCF5851-1024x683.jpg 1024w\" sizes=\"auto, (max-width: 2560px) 100vw, 2560px\" \/><span aria-hidden=\"true\" class=\"wp-block-cover__background has-primary-background-color has-background-dim-70 has-background-dim\"><\/span><div class=\"wp-block-cover__inner-container is-layout-flow wp-block-cover-is-layout-flow\">\n<h3 class=\"wp-block-heading has-secondary-color has-text-color has-medium-font-size\" style=\"margin-top:0;margin-right:0;margin-bottom:0;margin-left:0\">Hist\u00f3rias de trabalho<\/h3>\n\n\n\n<p><\/p>\n<\/div><\/div>\n<\/div>\n\n\n\n<div class=\"wp-block-column is-layout-flow wp-block-column-is-layout-flow\" style=\"flex-basis:66.66%\">\n<div class=\"wp-block-cover is-light has-custom-content-position is-position-top-left wp-duotone-unset-2\" style=\"padding-top:var(--wp--preset--spacing--small);padding-right:var(--wp--preset--spacing--x-small);padding-bottom:var(--wp--preset--spacing--small);padding-left:var(--wp--preset--spacing--x-small)\"><span aria-hidden=\"true\" class=\"wp-block-cover__background has-background-dim-0 has-background-dim\"><\/span><div class=\"wp-block-cover__inner-container is-layout-flow wp-block-cover-is-layout-flow\">\n<p class=\"has-background-color has-text-color has-link-color wp-elements-95981c20eafa1e36ad6e98f9a821fb13\">Enquanto grande f\u00e3 de navega\u00e7\u00e3o, um dos meus antigos diretores ofereceu os meus servi\u00e7os a uma start-up europeia de constru\u00e7\u00e3o naval \u00e0 procura de conselhos. Esta empresa patenteou uma tecnologia de propuls\u00e3o e estava a realizar testes t\u00e9cnicos em diferentes tipos de barcos concebidos para mobilidade urbana. O principal dilema era o design do interior dos barcos, e queriam ter propostas.<\/p>\n\n\n\n<p class=\"has-background-color has-text-color has-link-color wp-elements-a29be1ec69b99892f7e5dc11f4233ae6\">Quando lhes perguntei qual era o seu modelo de neg\u00f3cio, estes engenheiros talentosos n\u00e3o tinham resposta. Desenvolveram o conceito numa multiplicidade de produtos poss\u00edveis, mas sem realmente ter um posicionamento claro e economicamente sustent\u00e1vel.<\/p>\n\n\n\n<p class=\"has-background-color has-text-color has-link-color wp-elements-98681f21a4e3ad55fbf151b6fd33bf58\">Neste caso, a melhor pr\u00e1tica \u00e9 analisar o ambiente empresarial: o planeamento urbano das cidades que podem constituir um mercado, o tipo de viagens poss\u00edveis de barco, o ambiente regulat\u00f3rio nos centros urbanos, para saber quais s\u00e3o os casos de uso potencialmente lucrativos. Transportar um turista n\u00e3o implica as mesmas necessidades que a mobilidade di\u00e1ria. O interior dos barcos reflete apenas as necessidades daqueles para quem foram concebidos.<\/p>\n\n\n\n<p class=\"has-background-color has-text-color has-link-color wp-elements-f2c704d58e108c56815042f97ae6a8f3\">O meu trabalho \u00e9 dar uma estrutura ao que ainda \u00e9 apenas um conceito, para que possa realizar todo o seu potencial. O pensamento estrat\u00e9gico consiste em dar a si pr\u00f3prio os meios para ver a sua vis\u00e3o e ambi\u00e7\u00f5es tornarem-se realidade.<\/p>\n<\/div><\/div>\n<\/div>\n<\/div>\n\n\n\n<div class=\"wp-block-columns is-layout-flex wp-container-core-columns-is-layout-28f84493 wp-block-columns-is-layout-flex\">\n<div class=\"wp-block-column is-layout-flow wp-block-column-is-layout-flow\" style=\"padding-top:0;padding-right:0;padding-bottom:0;padding-left:0\">\n<div class=\"wp-block-cover has-custom-content-position is-position-bottom-left\" style=\"padding-top:var(--wp--preset--spacing--small);padding-right:var(--wp--preset--spacing--x-small);padding-bottom:var(--wp--preset--spacing--small);padding-left:var(--wp--preset--spacing--x-small)\"><img loading=\"lazy\" decoding=\"async\" width=\"640\" height=\"480\" class=\"wp-block-cover__image-background wp-image-322\" alt=\"\" src=\"https:\/\/leaders-copilot.com\/wp-content\/uploads\/2025\/01\/Hang_up_the_phone._Unsplash.jpg\" data-object-fit=\"cover\" srcset=\"https:\/\/leaders-copilot.com\/wp-content\/uploads\/2025\/01\/Hang_up_the_phone._Unsplash.jpg 640w, https:\/\/leaders-copilot.com\/wp-content\/uploads\/2025\/01\/Hang_up_the_phone._Unsplash-300x225.jpg 300w\" sizes=\"auto, (max-width: 640px) 100vw, 640px\" \/><span aria-hidden=\"true\" class=\"wp-block-cover__background has-primary-background-color has-background-dim-70 has-background-dim\"><\/span><div class=\"wp-block-cover__inner-container is-layout-flow wp-block-cover-is-layout-flow\">\n<p class=\"has-text-align-left has-large-font-size\">Contactos<\/p>\n\n\n\n<div class=\"wp-block-group is-nowrap is-layout-flex wp-container-core-group-is-layout-6c531013 wp-block-group-is-layout-flex\">\n<figure class=\"wp-block-image size-full is-resized\" style=\"margin-top:0;margin-bottom:0\"><img loading=\"lazy\" decoding=\"async\" width=\"512\" height=\"512\" src=\"http:\/\/leaders-copilot.com\/wp-content\/uploads\/2025\/01\/phone-call-white-icon.png\" alt=\"\" class=\"wp-image-329\" style=\"width:34px\" srcset=\"https:\/\/leaders-copilot.com\/wp-content\/uploads\/2025\/01\/phone-call-white-icon.png 512w, https:\/\/leaders-copilot.com\/wp-content\/uploads\/2025\/01\/phone-call-white-icon-300x300.png 300w, https:\/\/leaders-copilot.com\/wp-content\/uploads\/2025\/01\/phone-call-white-icon-150x150.png 150w\" sizes=\"auto, (max-width: 512px) 100vw, 512px\" \/><\/figure>\n\n\n\n<p>+351 937 435 225<\/p>\n<\/div>\n\n\n\n<div class=\"wp-block-group is-nowrap is-layout-flex wp-container-core-group-is-layout-6c531013 wp-block-group-is-layout-flex\">\n<figure class=\"wp-block-image size-full is-resized is-style-default\" style=\"margin-top:0;margin-bottom:0\"><img loading=\"lazy\" decoding=\"async\" width=\"512\" height=\"512\" src=\"http:\/\/leaders-copilot.com\/wp-content\/uploads\/2025\/01\/email-envelope-line-white-icon.webp\" alt=\"\" class=\"wp-image-330\" style=\"width:34px\" srcset=\"https:\/\/leaders-copilot.com\/wp-content\/uploads\/2025\/01\/email-envelope-line-white-icon.webp 512w, https:\/\/leaders-copilot.com\/wp-content\/uploads\/2025\/01\/email-envelope-line-white-icon-300x300.webp 300w, https:\/\/leaders-copilot.com\/wp-content\/uploads\/2025\/01\/email-envelope-line-white-icon-150x150.webp 150w\" sizes=\"auto, (max-width: 512px) 100vw, 512px\" \/><\/figure>\n\n\n\n<p><a href=\"mailto:c.taledo@leaders-copilot.com\">c.taledo@leaders-copilot.com<\/a><\/p>\n<\/div>\n<\/div><\/div>\n<\/div>\n\n\n\n<div class=\"wp-block-column is-layout-flow wp-block-column-is-layout-flow\" style=\"flex-basis:33.33%\"><\/div>\n<\/div>\n\n\n\n<p><\/p>\n","protected":false},"excerpt":{"rendered":"","protected":false},"author":1,"featured_media":0,"parent":0,"menu_order":0,"comment_status":"closed","ping_status":"closed","template":"page-templates\/full-width-no-title.php","meta":{"footnotes":""},"class_list":["post-1200","page","type-page","status-publish","hentry"],"featured_media_urls":[],"_links":{"self":[{"href":"https:\/\/leaders-copilot.com\/index.php\/wp-json\/wp\/v2\/pages\/1200","targetHints":{"allow":["GET"]}}],"collection":[{"href":"https:\/\/leaders-copilot.com\/index.php\/wp-json\/wp\/v2\/pages"}],"about":[{"href":"https:\/\/leaders-copilot.com\/index.php\/wp-json\/wp\/v2\/types\/page"}],"author":[{"embeddable":true,"href":"https:\/\/leaders-copilot.com\/index.php\/wp-json\/wp\/v2\/users\/1"}],"replies":[{"embeddable":true,"href":"https:\/\/leaders-copilot.com\/index.php\/wp-json\/wp\/v2\/comments?post=1200"}],"version-history":[{"count":7,"href":"https:\/\/leaders-copilot.com\/index.php\/wp-json\/wp\/v2\/pages\/1200\/revisions"}],"predecessor-version":[{"id":1265,"href":"https:\/\/leaders-copilot.com\/index.php\/wp-json\/wp\/v2\/pages\/1200\/revisions\/1265"}],"wp:attachment":[{"href":"https:\/\/leaders-copilot.com\/index.php\/wp-json\/wp\/v2\/media?parent=1200"}],"curies":[{"name":"wp","href":"https:\/\/api.w.org\/{rel}","templated":true}]}}