{"id":1198,"date":"2025-11-22T15:16:31","date_gmt":"2025-11-22T14:16:31","guid":{"rendered":"https:\/\/leaders-copilot.com\/?page_id=1198"},"modified":"2025-11-22T18:45:41","modified_gmt":"2025-11-22T17:45:41","slug":"gestao-de-projetos","status":"publish","type":"page","link":"https:\/\/leaders-copilot.com\/index.php\/pt\/gestao-de-projetos\/","title":{"rendered":"Gest\u00e3o de projetos"},"content":{"rendered":"\n<div class=\"wp-block-cover\" style=\"min-height:700px;aspect-ratio:unset;\"><img loading=\"lazy\" decoding=\"async\" width=\"1024\" height=\"683\" class=\"wp-block-cover__image-background wp-image-530 size-large\" alt=\"Construire le changement, gestion de projet\" src=\"http:\/\/leaders-copilot.com\/wp-content\/uploads\/2025\/01\/DSCF3839-1024x683.jpg\" data-object-fit=\"cover\" srcset=\"https:\/\/leaders-copilot.com\/wp-content\/uploads\/2025\/01\/DSCF3839-1024x683.jpg 1024w, https:\/\/leaders-copilot.com\/wp-content\/uploads\/2025\/01\/DSCF3839-300x200.jpg 300w, https:\/\/leaders-copilot.com\/wp-content\/uploads\/2025\/01\/DSCF3839-2000x1333.jpg 2000w, https:\/\/leaders-copilot.com\/wp-content\/uploads\/2025\/01\/DSCF3839-600x400.jpg 600w, https:\/\/leaders-copilot.com\/wp-content\/uploads\/2025\/01\/DSCF3839-1200x800.jpg 1200w\" sizes=\"auto, (max-width: 1024px) 100vw, 1024px\" \/><span aria-hidden=\"true\" class=\"wp-block-cover__background has-primary-background-color has-background-dim\"><\/span><div class=\"wp-block-cover__inner-container has-global-padding is-layout-constrained wp-block-cover-is-layout-constrained\">\n<div style=\"height:250px\" aria-hidden=\"true\" class=\"wp-block-spacer\"><\/div>\n\n\n\n<p class=\"has-text-align-center has-large-font-size\" style=\"font-style:normal;font-weight:100\">Gest\u00e3o de projetos<\/p>\n\n\n\n<div style=\"height:280px\" aria-hidden=\"true\" class=\"wp-block-spacer\"><\/div>\n<\/div><\/div>\n\n\n\n<div class=\"wp-block-columns is-layout-flex wp-container-core-columns-is-layout-28f84493 wp-block-columns-is-layout-flex\">\n<div class=\"wp-block-column is-layout-flow wp-block-column-is-layout-flow\" style=\"flex-basis:33.33%\">\n<div class=\"wp-block-cover has-custom-content-position is-position-top-left\" style=\"padding-top:var(--wp--preset--spacing--small);padding-right:var(--wp--preset--spacing--x-small);padding-bottom:var(--wp--preset--spacing--small);padding-left:var(--wp--preset--spacing--x-small);min-height:520px;aspect-ratio:unset;\"><span aria-hidden=\"true\" class=\"wp-block-cover__background has-primary-background-color has-background-dim-70 has-background-dim\"><\/span><div class=\"wp-block-cover__inner-container is-layout-flow wp-block-cover-is-layout-flow\">\n<h3 class=\"wp-block-heading has-secondary-color has-text-color has-medium-font-size\" style=\"margin-top:0;margin-right:0;margin-bottom:0;margin-left:0\">Assunto<\/h3>\n\n\n\n<div style=\"height:16px\" aria-hidden=\"true\" class=\"wp-block-spacer\"><\/div>\n\n\n\n<p>Por tr\u00e1s de cada projeto h\u00e1 uma dire\u00e7\u00e3o, uma vontade, objetivos para o futuro. Quer o objetivo seja oferecer algo novo aos seus clientes ou melhorar a sua organiza\u00e7\u00e3o, esse futuro \u00e9 o que voc\u00ea deseja.<\/p>\n\n\n\n<p>Gerir um projeto \u00e9 tomar todas as medidas no presente para garantir que esse futuro se concretize, apesar dos riscos e incertezas.<\/p>\n\n\n\n<p>Estamos aqui para apoiar voc\u00ea e as suas equipas de gest\u00e3o de projetos, de modo a tornar as suas iniciativas fi\u00e1veis e garantir os seus investimentos atrav\u00e9s de um apoio adaptado \u00e0s suas necessidades.<\/p>\n<\/div><\/div>\n<\/div>\n\n\n\n<div class=\"wp-block-column is-layout-flow wp-block-column-is-layout-flow\" style=\"flex-basis:66.66%\">\n<div class=\"wp-block-cover is-light has-custom-content-position is-position-top-left\" style=\"padding-top:var(--wp--preset--spacing--small);padding-right:var(--wp--preset--spacing--x-small);padding-bottom:var(--wp--preset--spacing--small);padding-left:var(--wp--preset--spacing--x-small)\"><span aria-hidden=\"true\" class=\"wp-block-cover__background has-background-dim-0 has-background-dim\"><\/span><div class=\"wp-block-cover__inner-container is-layout-flow wp-block-cover-is-layout-flow\">\n<h3 class=\"wp-block-heading has-secondary-color has-text-color has-medium-font-size\" style=\"margin-top:0;margin-right:0;margin-bottom:0;margin-left:0\">Os nossos servi\u00e7os<\/h3>\n\n\n\n<div class=\"wp-block-cover\" style=\"min-height:100px;aspect-ratio:unset;\"><img loading=\"lazy\" decoding=\"async\" width=\"2068\" height=\"279\" class=\"wp-block-cover__image-background wp-image-1243 size-full\" alt=\"\" src=\"https:\/\/leaders-copilot.com\/wp-content\/uploads\/2025\/11\/Project-process-pt.png\" data-object-fit=\"cover\" srcset=\"https:\/\/leaders-copilot.com\/wp-content\/uploads\/2025\/11\/Project-process-pt.png 2068w, https:\/\/leaders-copilot.com\/wp-content\/uploads\/2025\/11\/Project-process-pt-300x40.png 300w, https:\/\/leaders-copilot.com\/wp-content\/uploads\/2025\/11\/Project-process-pt-1024x138.png 1024w, https:\/\/leaders-copilot.com\/wp-content\/uploads\/2025\/11\/Project-process-pt-2000x270.png 2000w\" sizes=\"auto, (max-width: 2068px) 100vw, 2068px\" \/><span aria-hidden=\"true\" class=\"wp-block-cover__background has-background-dim-10 has-background-dim\"><\/span><div class=\"wp-block-cover__inner-container has-global-padding is-layout-constrained wp-block-cover-is-layout-constrained\">\n<p class=\"has-text-align-center has-large-font-size\"><\/p>\n<\/div><\/div>\n\n\n\n<div class=\"wp-block-columns is-layout-flex wp-container-core-columns-is-layout-28f84493 wp-block-columns-is-layout-flex\">\n<div class=\"wp-block-column is-layout-flow wp-block-column-is-layout-flow\">\n<div class=\"wp-block-cover has-custom-content-position is-position-top-center has-border-color\" style=\"border-color:#D9D9D9;border-style:solid;border-width:1px;border-radius:0px;min-height:310px;aspect-ratio:unset;\"><img loading=\"lazy\" decoding=\"async\" width=\"1024\" height=\"768\" class=\"wp-block-cover__image-background wp-image-907 size-large\" alt=\"\" src=\"https:\/\/leaders-copilot.com\/wp-content\/uploads\/2025\/11\/seminar-1024x768.jpg\" style=\"object-position:0% 0%\" data-object-fit=\"cover\" data-object-position=\"0% 0%\" srcset=\"https:\/\/leaders-copilot.com\/wp-content\/uploads\/2025\/11\/seminar-1024x768.jpg 1024w, https:\/\/leaders-copilot.com\/wp-content\/uploads\/2025\/11\/seminar-300x225.jpg 300w, https:\/\/leaders-copilot.com\/wp-content\/uploads\/2025\/11\/seminar-2000x1500.jpg 2000w\" sizes=\"auto, (max-width: 1024px) 100vw, 1024px\" \/><span aria-hidden=\"true\" class=\"wp-block-cover__background has-primary-background-color has-background-dim-80 has-background-dim\"><\/span><div class=\"wp-block-cover__inner-container has-global-padding is-layout-constrained wp-block-cover-is-layout-constrained\">\n<p class=\"has-text-align-center has-lightgrey-color has-text-color has-link-color has-medium-font-size wp-elements-67e9e1b983a607e29c31a972ffc65f79\" style=\"font-style:normal;font-weight:300\">An\u00e1lise de requisitos<\/p>\n\n\n\n<p class=\"has-lightgrey-color has-text-color has-link-color wp-elements-30ba5390c1d1e559253de17e38b7abb7\" style=\"font-style:normal;font-weight:100\">Apoiamos as suas equipas atrav\u00e9s de estudos para construir projetos de alto valor com elas, seja para os seus clientes ou para as suas transforma\u00e7\u00f5es.<\/p>\n<\/div><\/div>\n<\/div>\n\n\n\n<div class=\"wp-block-column is-layout-flow wp-block-column-is-layout-flow\">\n<div class=\"wp-block-cover has-custom-content-position is-position-top-center has-border-color\" style=\"border-color:#D9D9D9;border-width:1px;border-radius:0px;min-height:310px;aspect-ratio:unset;\"><img loading=\"lazy\" decoding=\"async\" width=\"1024\" height=\"477\" class=\"wp-block-cover__image-background wp-image-904 size-large\" alt=\"\" src=\"http:\/\/leaders-copilot.com\/wp-content\/uploads\/2025\/11\/gantt-1024x477.png\" style=\"object-position:72% 89%\" data-object-fit=\"cover\" data-object-position=\"72% 89%\" srcset=\"https:\/\/leaders-copilot.com\/wp-content\/uploads\/2025\/11\/gantt-1024x477.png 1024w, https:\/\/leaders-copilot.com\/wp-content\/uploads\/2025\/11\/gantt-300x140.png 300w, https:\/\/leaders-copilot.com\/wp-content\/uploads\/2025\/11\/gantt.png 1840w\" sizes=\"auto, (max-width: 1024px) 100vw, 1024px\" \/><span aria-hidden=\"true\" class=\"wp-block-cover__background has-primary-background-color has-background-dim-80 has-background-dim\"><\/span><div class=\"wp-block-cover__inner-container has-global-padding is-layout-constrained wp-block-cover-is-layout-constrained\">\n<p class=\"has-text-align-center has-lightgrey-color has-text-color has-link-color has-medium-font-size wp-elements-89053cf1183094e23307635d833ae789\" style=\"font-style:normal;font-weight:300\">Planeamento do projeto<\/p>\n\n\n\n<p class=\"has-lightgrey-color has-text-color has-link-color wp-elements-b730fe6115df573aab04f225d4c5c031\" style=\"font-style:normal;font-weight:100\">Ajudamo-lo a controlar os seus custos e prazos atrav\u00e9s de estimativas fi\u00e1veis dos tempos de opera\u00e7\u00e3o, coordena\u00e7\u00e3o das partes interessadas e organiza\u00e7\u00e3o robusta dos seus projetos.<\/p>\n<\/div><\/div>\n<\/div>\n\n\n\n<div class=\"wp-block-column is-layout-flow wp-block-column-is-layout-flow\">\n<div class=\"wp-block-cover has-custom-content-position is-position-top-center has-border-color wp-duotone-unset-1\" style=\"border-color:#D9D9D9;border-width:1px;border-radius:0px;min-height:310px;aspect-ratio:unset;\"><img loading=\"lazy\" decoding=\"async\" width=\"1024\" height=\"482\" class=\"wp-block-cover__image-background wp-image-906 size-large\" alt=\"\" src=\"https:\/\/leaders-copilot.com\/wp-content\/uploads\/2025\/11\/monitoring-ncharts-1024x482.png\" data-object-fit=\"cover\" srcset=\"https:\/\/leaders-copilot.com\/wp-content\/uploads\/2025\/11\/monitoring-ncharts-1024x482.png 1024w, https:\/\/leaders-copilot.com\/wp-content\/uploads\/2025\/11\/monitoring-ncharts-300x141.png 300w, https:\/\/leaders-copilot.com\/wp-content\/uploads\/2025\/11\/monitoring-ncharts.png 1847w\" sizes=\"auto, (max-width: 1024px) 100vw, 1024px\" \/><span aria-hidden=\"true\" class=\"wp-block-cover__background has-primary-background-color has-background-dim-80 has-background-dim\"><\/span><div class=\"wp-block-cover__inner-container has-global-padding is-layout-constrained wp-block-cover-is-layout-constrained\">\n<p class=\"has-text-align-center has-lightgrey-color has-text-color has-link-color has-medium-font-size wp-elements-d4948854fc4eb8e36f548e2da7495c2f\" style=\"font-style:normal;font-weight:300\">Monitoriza\u00e7\u00e3o do projeto<\/p>\n\n\n\n<p class=\"has-lightgrey-color has-text-color has-link-color wp-elements-07c048f11538dab389a8746549cd7412\" style=\"font-style:normal;font-weight:100\">Oferecemos-lhe as melhores pr\u00e1ticas para monitoriza\u00e7\u00e3o de projetos, de modo a apoiar uma implementa\u00e7\u00e3o bem-sucedida e medir o seu sucesso.<\/p>\n<\/div><\/div>\n<\/div>\n<\/div>\n<\/div><\/div>\n<\/div>\n<\/div>\n\n\n\n<div class=\"wp-block-columns is-layout-flex wp-container-core-columns-is-layout-28f84493 wp-block-columns-is-layout-flex\">\n<div class=\"wp-block-column is-layout-flow wp-block-column-is-layout-flow\" style=\"flex-basis:33.33%\">\n<div class=\"wp-block-cover has-custom-content-position is-position-top-left\" style=\"padding-top:var(--wp--preset--spacing--small);padding-right:var(--wp--preset--spacing--x-small);padding-bottom:var(--wp--preset--spacing--small);padding-left:var(--wp--preset--spacing--x-small);min-height:470px;aspect-ratio:unset;\"><img loading=\"lazy\" decoding=\"async\" width=\"510\" height=\"680\" class=\"wp-block-cover__image-background wp-image-864 size-full\" alt=\"\" src=\"http:\/\/leaders-copilot.com\/wp-content\/uploads\/2025\/10\/1200x680_index-617779103-edited.jpg\" data-object-fit=\"cover\" srcset=\"https:\/\/leaders-copilot.com\/wp-content\/uploads\/2025\/10\/1200x680_index-617779103-edited.jpg 510w, https:\/\/leaders-copilot.com\/wp-content\/uploads\/2025\/10\/1200x680_index-617779103-edited-225x300.jpg 225w\" sizes=\"auto, (max-width: 510px) 100vw, 510px\" \/><span aria-hidden=\"true\" class=\"wp-block-cover__background has-primary-background-color has-background-dim-70 has-background-dim\"><\/span><div class=\"wp-block-cover__inner-container is-layout-flow wp-block-cover-is-layout-flow\">\n<h3 class=\"wp-block-heading has-secondary-color has-text-color has-medium-font-size\" style=\"margin-top:0;margin-right:0;margin-bottom:0;margin-left:0\">Hist\u00f3rias de trabalho<\/h3>\n\n\n\n<p><\/p>\n<\/div><\/div>\n<\/div>\n\n\n\n<div class=\"wp-block-column is-layout-flow wp-block-column-is-layout-flow\" style=\"flex-basis:66.66%\">\n<div class=\"wp-block-cover is-light has-custom-content-position is-position-top-left wp-duotone-unset-2\" style=\"padding-top:var(--wp--preset--spacing--small);padding-right:var(--wp--preset--spacing--x-small);padding-bottom:var(--wp--preset--spacing--small);padding-left:var(--wp--preset--spacing--x-small)\"><span aria-hidden=\"true\" class=\"wp-block-cover__background has-background-dim-0 has-background-dim\"><\/span><div class=\"wp-block-cover__inner-container is-layout-flow wp-block-cover-is-layout-flow\">\n<p class=\"has-background-color has-text-color has-link-color wp-elements-ef71fd86e7377526e13fde64e999f4a2\">Uma multinacional da ind\u00fastria da constru\u00e7\u00e3o contactou-me para obter a minha opini\u00e3o sobre o design das salas de audi\u00eancias para um novo tribunal. Queriam de mim uma certifica\u00e7\u00e3o de que tudo foi feito segundo as normas.<\/p>\n\n\n\n<p class=\"has-background-color has-text-color has-link-color wp-elements-acb90aaf56e7e07a72045d63a5ee4073\">Para saber se o projeto est\u00e1 a funcionar, referir-se as normas n\u00e3o \u00e9 suficiente. Uma norma n\u00e3o \u00e9 uma obriga\u00e7\u00e3o legal, \u00e9 apenas uma refer\u00eancia que se adapta mais ou menos bem dependendo da situa\u00e7\u00e3o. Para avaliar se as audi\u00eancias podem ser realizadas corretamente nestas salas, precisava de saber como se conduz um julgamento e identificar as necessidades das pessoas que trabalham nesses espa\u00e7os. Por isso, visitei outros tribunais, questionei ju\u00edzes, advogados e assistentes administrativos.<\/p>\n\n\n\n<p class=\"has-background-color has-text-color has-link-color wp-elements-b64506864ce4980cd320408f267c6a4f\">Se estas salas respeitavam totalmente as normas, estavam t\u00e3o mal desenhadas que nenhum julgamento poderia ter ocorrido ali: bancos que impedem procuradores e advogados de usarem os seus port\u00e1teis, um funcion\u00e1rio fora do centro incapaz de partilhar documentos com as partes, uma cadeira t\u00e3o mal escolhida que o juiz, preso na sua toga, cai ao ch\u00e3o&#8230;<\/p>\n\n\n\n<p class=\"has-background-color has-text-color has-link-color wp-elements-4d7894f4586758370ac98c3ff9ecfb6b\">O meu trabalho num projeto \u00e9 medir a relev\u00e2ncia do que \u00e9 submetido, garantir que a informa\u00e7\u00e3o chega \u00e0s pessoas certas no momento certo, estimar os impactos econ\u00f3micos e reputacionais. E por vezes, para garantir que os ju\u00edzes n\u00e3o caiam da cadeira.<\/p>\n<\/div><\/div>\n<\/div>\n<\/div>\n\n\n\n<div class=\"wp-block-columns is-layout-flex wp-container-core-columns-is-layout-28f84493 wp-block-columns-is-layout-flex\">\n<div class=\"wp-block-column is-layout-flow wp-block-column-is-layout-flow\" style=\"padding-top:0;padding-right:0;padding-bottom:0;padding-left:0\">\n<div class=\"wp-block-cover has-custom-content-position is-position-bottom-left\" style=\"padding-top:var(--wp--preset--spacing--small);padding-right:var(--wp--preset--spacing--x-small);padding-bottom:var(--wp--preset--spacing--small);padding-left:var(--wp--preset--spacing--x-small)\"><img loading=\"lazy\" decoding=\"async\" width=\"640\" height=\"480\" class=\"wp-block-cover__image-background wp-image-322\" alt=\"\" src=\"https:\/\/leaders-copilot.com\/wp-content\/uploads\/2025\/01\/Hang_up_the_phone._Unsplash.jpg\" data-object-fit=\"cover\" srcset=\"https:\/\/leaders-copilot.com\/wp-content\/uploads\/2025\/01\/Hang_up_the_phone._Unsplash.jpg 640w, https:\/\/leaders-copilot.com\/wp-content\/uploads\/2025\/01\/Hang_up_the_phone._Unsplash-300x225.jpg 300w\" sizes=\"auto, (max-width: 640px) 100vw, 640px\" \/><span aria-hidden=\"true\" class=\"wp-block-cover__background has-primary-background-color has-background-dim-70 has-background-dim\"><\/span><div class=\"wp-block-cover__inner-container is-layout-flow wp-block-cover-is-layout-flow\">\n<p class=\"has-text-align-left has-large-font-size\">Contactos<\/p>\n\n\n\n<div class=\"wp-block-group is-nowrap is-layout-flex wp-container-core-group-is-layout-6c531013 wp-block-group-is-layout-flex\">\n<figure class=\"wp-block-image size-full is-resized\" style=\"margin-top:0;margin-bottom:0\"><img loading=\"lazy\" decoding=\"async\" width=\"512\" height=\"512\" src=\"http:\/\/leaders-copilot.com\/wp-content\/uploads\/2025\/01\/phone-call-white-icon.png\" alt=\"\" class=\"wp-image-329\" style=\"width:34px\" srcset=\"https:\/\/leaders-copilot.com\/wp-content\/uploads\/2025\/01\/phone-call-white-icon.png 512w, https:\/\/leaders-copilot.com\/wp-content\/uploads\/2025\/01\/phone-call-white-icon-300x300.png 300w, https:\/\/leaders-copilot.com\/wp-content\/uploads\/2025\/01\/phone-call-white-icon-150x150.png 150w\" sizes=\"auto, (max-width: 512px) 100vw, 512px\" \/><\/figure>\n\n\n\n<p>+351 937 435 225<\/p>\n<\/div>\n\n\n\n<div class=\"wp-block-group is-nowrap is-layout-flex wp-container-core-group-is-layout-6c531013 wp-block-group-is-layout-flex\">\n<figure class=\"wp-block-image size-full is-resized is-style-default\" style=\"margin-top:0;margin-bottom:0\"><img loading=\"lazy\" decoding=\"async\" width=\"512\" height=\"512\" src=\"http:\/\/leaders-copilot.com\/wp-content\/uploads\/2025\/01\/email-envelope-line-white-icon.webp\" alt=\"\" class=\"wp-image-330\" style=\"width:34px\" srcset=\"https:\/\/leaders-copilot.com\/wp-content\/uploads\/2025\/01\/email-envelope-line-white-icon.webp 512w, https:\/\/leaders-copilot.com\/wp-content\/uploads\/2025\/01\/email-envelope-line-white-icon-300x300.webp 300w, https:\/\/leaders-copilot.com\/wp-content\/uploads\/2025\/01\/email-envelope-line-white-icon-150x150.webp 150w\" sizes=\"auto, (max-width: 512px) 100vw, 512px\" \/><\/figure>\n\n\n\n<p><a href=\"mailto:c.taledo@leaders-copilot.com\">c.taledo@leaders-copilot.com<\/a><\/p>\n<\/div>\n<\/div><\/div>\n<\/div>\n\n\n\n<div class=\"wp-block-column is-layout-flow wp-block-column-is-layout-flow\" style=\"flex-basis:33.33%\"><\/div>\n<\/div>\n\n\n\n<p><\/p>\n","protected":false},"excerpt":{"rendered":"","protected":false},"author":1,"featured_media":0,"parent":0,"menu_order":0,"comment_status":"closed","ping_status":"closed","template":"page-templates\/full-width-no-title.php","meta":{"footnotes":""},"class_list":["post-1198","page","type-page","status-publish","hentry"],"featured_media_urls":[],"_links":{"self":[{"href":"https:\/\/leaders-copilot.com\/index.php\/wp-json\/wp\/v2\/pages\/1198","targetHints":{"allow":["GET"]}}],"collection":[{"href":"https:\/\/leaders-copilot.com\/index.php\/wp-json\/wp\/v2\/pages"}],"about":[{"href":"https:\/\/leaders-copilot.com\/index.php\/wp-json\/wp\/v2\/types\/page"}],"author":[{"embeddable":true,"href":"https:\/\/leaders-copilot.com\/index.php\/wp-json\/wp\/v2\/users\/1"}],"replies":[{"embeddable":true,"href":"https:\/\/leaders-copilot.com\/index.php\/wp-json\/wp\/v2\/comments?post=1198"}],"version-history":[{"count":9,"href":"https:\/\/leaders-copilot.com\/index.php\/wp-json\/wp\/v2\/pages\/1198\/revisions"}],"predecessor-version":[{"id":1247,"href":"https:\/\/leaders-copilot.com\/index.php\/wp-json\/wp\/v2\/pages\/1198\/revisions\/1247"}],"wp:attachment":[{"href":"https:\/\/leaders-copilot.com\/index.php\/wp-json\/wp\/v2\/media?parent=1198"}],"curies":[{"name":"wp","href":"https:\/\/api.w.org\/{rel}","templated":true}]}}