{"id":1154,"date":"2025-11-18T17:02:57","date_gmt":"2025-11-18T16:02:57","guid":{"rendered":"https:\/\/leaders-copilot.com\/?page_id=1154"},"modified":"2025-11-22T15:58:58","modified_gmt":"2025-11-22T14:58:58","slug":"leaders-copilot","status":"publish","type":"page","link":"https:\/\/leaders-copilot.com\/index.php\/pt\/leaders-copilot\/","title":{"rendered":"Leaders&rsquo; Copilot"},"content":{"rendered":"\n<div class=\"wp-block-group alignfull pattern_multiple_covers has-global-padding is-layout-constrained wp-container-core-group-is-layout-704e782a wp-block-group-is-layout-constrained\" id=\"Intro\">\n<div class=\"wp-block-cover alignfull has-custom-content-position is-position-bottom-left\"><img loading=\"lazy\" decoding=\"async\" width=\"1024\" height=\"683\" class=\"wp-block-cover__image-background wp-image-573 size-large\" alt=\"Prendre de la hauteur, diagnostic\" src=\"http:\/\/leaders-copilot.com\/wp-content\/uploads\/2025\/01\/DSCF9473-1-1024x683.jpg\" style=\"object-position:51% 82%\" data-object-fit=\"cover\" data-object-position=\"51% 82%\" srcset=\"https:\/\/leaders-copilot.com\/wp-content\/uploads\/2025\/01\/DSCF9473-1-1024x683.jpg 1024w, https:\/\/leaders-copilot.com\/wp-content\/uploads\/2025\/01\/DSCF9473-1-300x200.jpg 300w, https:\/\/leaders-copilot.com\/wp-content\/uploads\/2025\/01\/DSCF9473-1-2000x1333.jpg 2000w, https:\/\/leaders-copilot.com\/wp-content\/uploads\/2025\/01\/DSCF9473-1-600x400.jpg 600w, https:\/\/leaders-copilot.com\/wp-content\/uploads\/2025\/01\/DSCF9473-1-1200x800.jpg 1200w\" sizes=\"auto, (max-width: 1024px) 100vw, 1024px\" \/><span aria-hidden=\"true\" class=\"wp-block-cover__background has-primary-background-color has-background-dim\"><\/span><div class=\"wp-block-cover__inner-container has-global-padding is-layout-constrained wp-block-cover-is-layout-constrained\">\n<h2 class=\"wp-block-heading has-secondary-color has-text-color has-link-color wp-elements-72f04096d581c68cade3aa6abcce92c1\"><strong>Apoio aos Gestores<\/strong><\/h2>\n\n\n\n<p class=\"has-text-align-left has-lightgrey-color has-text-color has-link-color wp-elements-cf08367025ae405aa776549884dd54bc\" style=\"font-style:normal;font-weight:100\">Trabalhar \u00e9 uma aventura. Trabalhar \u00e9 perseguir objetivos, resolver problemas, conversar, adaptar-se, falhar e ter sucesso. Trabalhar \u00e9 confrontar-se a realidade. Como l\u00edder, seja um l\u00edder empresarial, diretor ou gestor de equipa, esta realidade torna-se ainda mais complexa porque voc\u00ea est\u00e1 no centro do edif\u00edcio organizacional.<\/p>\n\n\n\n<p class=\"has-lightgrey-color has-text-color has-link-color wp-elements-a78d43508b0de007c3101e9e4b755dfe\" style=\"font-style:normal;font-weight:100\">Um l\u00edder encontra-se numa encruzilhada de responsabilidades, \u00e9 respons\u00e1vel perante as suas equipas, colegas, superiores, clientes ou investidores. Um l\u00edder est\u00e1 na encruzilhada do tempo, deve relatar o passado, vigiar o presente e planear o futuro. Um l\u00edder est\u00e1 na encruzilhada das l\u00f3gicas, cabe-lhe a ele resolver a equa\u00e7\u00e3o entre os objetivos e os meios que lhe pertencem.<\/p>\n\n\n\n<p class=\"has-lightgrey-color has-text-color has-link-color wp-elements-d8d9bd032d9b65877dc0665c887e3b10\" style=\"font-style:normal;font-weight:100\">Leaders&rsquo; Copilot \u00e9 um projeto baseado em 15 anos de experi\u00eancia e centenas de l\u00edderes encontrados em todo o mundo. O objetivo \u00e9 apoiar l\u00edderes em toda a sua diversidade e em todos os seus desafios, porque acreditamos que s\u00e3o a pedra angular de organiza\u00e7\u00f5es c\u00edvicas empenhadas, empresas com sucesso e administra\u00e7\u00f5es eficazes.<\/p>\n<\/div><\/div>\n\n\n\n<div style=\"height:30px\" aria-hidden=\"true\" class=\"wp-block-spacer\"><\/div>\n\n\n\n<figure class=\"wp-block-image aligncenter size-full is-resized\"><a href=\"#Entr\u00e9e\"><img loading=\"lazy\" decoding=\"async\" width=\"138\" height=\"180\" src=\"http:\/\/leaders-copilot.com\/wp-content\/uploads\/2025\/01\/LC_logo_black_cut-edited.png\" alt=\"\" class=\"wp-image-367\" style=\"width:40px\"\/><\/a><\/figure>\n<\/div>\n\n\n\n<div class=\"wp-block-group alignfull pattern_multiple_covers has-global-padding is-layout-constrained wp-container-core-group-is-layout-704e782a wp-block-group-is-layout-constrained\" id=\"services\">\n<div class=\"wp-block-columns alignfull is-layout-flex wp-container-core-columns-is-layout-28f84493 wp-block-columns-is-layout-flex\">\n<div class=\"wp-block-column is-layout-flow wp-block-column-is-layout-flow\" style=\"padding-top:0;padding-right:0;padding-bottom:0;padding-left:0\">\n<div class=\"wp-block-cover alignfull has-custom-content-position is-position-bottom-left\" style=\"padding-top:var(--wp--preset--spacing--small);padding-right:var(--wp--preset--spacing--x-small);padding-bottom:var(--wp--preset--spacing--small);padding-left:var(--wp--preset--spacing--x-small);min-height:150px;aspect-ratio:unset;\" id=\"Entr\u00e9e\"><img loading=\"lazy\" decoding=\"async\" width=\"2560\" height=\"1707\" class=\"wp-block-cover__image-background wp-image-578\" alt=\"\" src=\"http:\/\/leaders-copilot.com\/wp-content\/uploads\/2025\/01\/DSCF9038-scaled.jpg\" style=\"object-position:67% 35%\" data-object-fit=\"cover\" data-object-position=\"67% 35%\" srcset=\"https:\/\/leaders-copilot.com\/wp-content\/uploads\/2025\/01\/DSCF9038-scaled.jpg 2560w, https:\/\/leaders-copilot.com\/wp-content\/uploads\/2025\/01\/DSCF9038-300x200.jpg 300w, https:\/\/leaders-copilot.com\/wp-content\/uploads\/2025\/01\/DSCF9038-1024x683.jpg 1024w\" sizes=\"auto, (max-width: 2560px) 100vw, 2560px\" \/><span aria-hidden=\"true\" class=\"wp-block-cover__background has-primary-background-color has-background-dim-70 has-background-dim\"><\/span><div class=\"wp-block-cover__inner-container is-layout-flow wp-block-cover-is-layout-flow\">\n<h3 class=\"wp-block-heading has-white-color has-text-color\" style=\"margin-top:0;margin-right:0;margin-bottom:0;margin-left:0;font-size:clamp(14px, 0.875rem + ((1vw - 3.2px) * 0.521), 19px);\">O seu Copiloto<\/h3>\n\n\n\n<p><\/p>\n\n\n\n<p class=\"has-secondary-color has-text-color has-link-color wp-elements-8eb872966cd56b6386037145f6d0a8a0\" style=\"margin-top:0;margin-right:0;margin-bottom:0;margin-left:0\"><a href=\"https:\/\/leaders-copilot.com\/index.php\/pt\/o-seu-copiloto\/\" data-type=\"page\" data-id=\"1204\">En savoir plus \u2192<\/a><\/p>\n<\/div><\/div>\n<\/div>\n<\/div>\n\n\n\n<div class=\"wp-block-columns alignfull is-layout-flex wp-container-core-columns-is-layout-28f84493 wp-block-columns-is-layout-flex\">\n<div class=\"wp-block-column is-layout-flow wp-block-column-is-layout-flow\" style=\"padding-top:0;padding-right:0;padding-bottom:0;padding-left:0\">\n<div class=\"wp-block-cover has-custom-content-position is-position-bottom-left\" style=\"padding-top:var(--wp--preset--spacing--small);padding-right:var(--wp--preset--spacing--x-small);padding-bottom:var(--wp--preset--spacing--small);padding-left:var(--wp--preset--spacing--x-small);min-height:150px;aspect-ratio:unset;\"><img loading=\"lazy\" decoding=\"async\" width=\"1024\" height=\"683\" class=\"wp-block-cover__image-background wp-image-571 size-large\" alt=\"\u00c9valuer Auditer les entreprises\" src=\"http:\/\/leaders-copilot.com\/wp-content\/uploads\/2025\/01\/DSCF3946-1024x683.jpg\" data-object-fit=\"cover\" srcset=\"https:\/\/leaders-copilot.com\/wp-content\/uploads\/2025\/01\/DSCF3946-1024x683.jpg 1024w, https:\/\/leaders-copilot.com\/wp-content\/uploads\/2025\/01\/DSCF3946-300x200.jpg 300w, https:\/\/leaders-copilot.com\/wp-content\/uploads\/2025\/01\/DSCF3946-2000x1333.jpg 2000w, https:\/\/leaders-copilot.com\/wp-content\/uploads\/2025\/01\/DSCF3946-600x400.jpg 600w, https:\/\/leaders-copilot.com\/wp-content\/uploads\/2025\/01\/DSCF3946-1200x800.jpg 1200w\" sizes=\"auto, (max-width: 1024px) 100vw, 1024px\" \/><span aria-hidden=\"true\" class=\"wp-block-cover__background has-primary-background-color has-background-dim-70 has-background-dim\"><\/span><div class=\"wp-block-cover__inner-container is-layout-flow wp-block-cover-is-layout-flow\">\n<h3 class=\"wp-block-heading has-white-color has-text-color\" style=\"margin-top:0;margin-right:0;margin-bottom:0;margin-left:0;font-size:clamp(14px, 0.875rem + ((1vw - 3.2px) * 0.521), 19px);\">Gest\u00e3o de opera\u00e7\u00f5es<\/h3>\n\n\n\n<p><\/p>\n\n\n\n<p class=\"has-secondary-color has-text-color has-link-color wp-elements-7b6ea52d781f272d2bfb7b9f28211c71\" style=\"margin-top:0;margin-right:0;margin-bottom:0;margin-left:0\"><a href=\"https:\/\/leaders-copilot.com\/index.php\/pt\/gestao-de-operacoes\/\" data-type=\"page\" data-id=\"1191\">En savoir plus \u2192<\/a><\/p>\n<\/div><\/div>\n<\/div>\n\n\n\n<div class=\"wp-block-column is-layout-flow wp-block-column-is-layout-flow\" style=\"padding-top:0;padding-right:0;padding-bottom:0;padding-left:0\">\n<div class=\"wp-block-cover has-custom-content-position is-position-bottom-left\" style=\"padding-top:var(--wp--preset--spacing--small);padding-right:var(--wp--preset--spacing--x-small);padding-bottom:var(--wp--preset--spacing--small);padding-left:var(--wp--preset--spacing--x-small);min-height:150px;aspect-ratio:unset;\"><img loading=\"lazy\" decoding=\"async\" width=\"1024\" height=\"683\" class=\"wp-block-cover__image-background wp-image-530 size-large\" alt=\"Construire le changement, gestion de projet\" src=\"http:\/\/leaders-copilot.com\/wp-content\/uploads\/2025\/01\/DSCF3839-1024x683.jpg\" data-object-fit=\"cover\" srcset=\"https:\/\/leaders-copilot.com\/wp-content\/uploads\/2025\/01\/DSCF3839-1024x683.jpg 1024w, https:\/\/leaders-copilot.com\/wp-content\/uploads\/2025\/01\/DSCF3839-300x200.jpg 300w, https:\/\/leaders-copilot.com\/wp-content\/uploads\/2025\/01\/DSCF3839-2000x1333.jpg 2000w, https:\/\/leaders-copilot.com\/wp-content\/uploads\/2025\/01\/DSCF3839-600x400.jpg 600w, https:\/\/leaders-copilot.com\/wp-content\/uploads\/2025\/01\/DSCF3839-1200x800.jpg 1200w\" sizes=\"auto, (max-width: 1024px) 100vw, 1024px\" \/><span aria-hidden=\"true\" class=\"wp-block-cover__background has-primary-background-color has-background-dim-70 has-background-dim\"><\/span><div class=\"wp-block-cover__inner-container is-layout-flow wp-block-cover-is-layout-flow\">\n<h3 class=\"wp-block-heading has-white-color has-text-color\" style=\"margin-top:0;margin-right:0;margin-bottom:0;margin-left:0;font-size:clamp(14px, 0.875rem + ((1vw - 3.2px) * 0.521), 19px);\">Gest\u00e3o de projetos<\/h3>\n\n\n\n<p><\/p>\n\n\n\n<p class=\"has-secondary-color has-text-color has-link-color wp-elements-f4431753089c29159170c1dbdb73c6fc\" style=\"margin-top:0;margin-right:0;margin-bottom:0;margin-left:0\"><a href=\"https:\/\/leaders-copilot.com\/index.php\/pt\/gestao-de-projetos\/\" data-type=\"page\" data-id=\"1198\">En savoir plus \u2192<\/a><\/p>\n<\/div><\/div>\n<\/div>\n<\/div>\n\n\n\n<div class=\"wp-block-columns alignfull is-layout-flex wp-container-core-columns-is-layout-28f84493 wp-block-columns-is-layout-flex\">\n<div class=\"wp-block-column is-layout-flow wp-block-column-is-layout-flow\" style=\"padding-top:0;padding-right:0;padding-bottom:0;padding-left:0\">\n<div class=\"wp-block-cover has-custom-content-position is-position-bottom-left\" style=\"padding-top:var(--wp--preset--spacing--small);padding-right:var(--wp--preset--spacing--x-small);padding-bottom:var(--wp--preset--spacing--small);padding-left:var(--wp--preset--spacing--x-small);min-height:150px;aspect-ratio:unset;\"><img loading=\"lazy\" decoding=\"async\" width=\"1024\" height=\"683\" class=\"wp-block-cover__image-background wp-image-516 size-large\" alt=\"Conseiller\" src=\"http:\/\/leaders-copilot.com\/wp-content\/uploads\/2025\/01\/DSCF9483-1024x683.jpg\" style=\"object-position:47% 14%\" data-object-fit=\"cover\" data-object-position=\"47% 14%\" srcset=\"https:\/\/leaders-copilot.com\/wp-content\/uploads\/2025\/01\/DSCF9483-1024x683.jpg 1024w, https:\/\/leaders-copilot.com\/wp-content\/uploads\/2025\/01\/DSCF9483-300x200.jpg 300w\" sizes=\"auto, (max-width: 1024px) 100vw, 1024px\" \/><span aria-hidden=\"true\" class=\"wp-block-cover__background has-primary-background-color has-background-dim-70 has-background-dim\"><\/span><div class=\"wp-block-cover__inner-container is-layout-flow wp-block-cover-is-layout-flow\">\n<h3 class=\"wp-block-heading has-white-color has-text-color\" style=\"margin-top:0;margin-right:0;margin-bottom:0;margin-left:0;font-size:clamp(14px, 0.875rem + ((1vw - 3.2px) * 0.521), 19px);\">Gest\u00e3o de pessoas<\/h3>\n\n\n\n<p><\/p>\n\n\n\n<p class=\"has-secondary-color has-text-color has-link-color wp-elements-c5bbdd2058cad158cc146d65a191da60\" style=\"margin-top:0;margin-right:0;margin-bottom:0;margin-left:0\"><a href=\"https:\/\/leaders-copilot.com\/index.php\/pt\/gestao-de-pessoas\/\" data-type=\"page\" data-id=\"1199\">En savoir plus \u2192<\/a><\/p>\n<\/div><\/div>\n<\/div>\n\n\n\n<div class=\"wp-block-column is-layout-flow wp-block-column-is-layout-flow\" style=\"padding-top:0;padding-right:0;padding-bottom:0;padding-left:0\">\n<div class=\"wp-block-cover has-custom-content-position is-position-bottom-left\" style=\"padding-top:var(--wp--preset--spacing--small);padding-right:var(--wp--preset--spacing--x-small);padding-bottom:var(--wp--preset--spacing--small);padding-left:var(--wp--preset--spacing--x-small);min-height:150px;aspect-ratio:unset;\"><img loading=\"lazy\" decoding=\"async\" width=\"1024\" height=\"683\" class=\"wp-block-cover__image-background wp-image-752 size-large\" alt=\"\" src=\"http:\/\/leaders-copilot.com\/wp-content\/uploads\/2025\/03\/DSCF6092-1024x683.jpg\" data-object-fit=\"cover\" srcset=\"https:\/\/leaders-copilot.com\/wp-content\/uploads\/2025\/03\/DSCF6092-1024x683.jpg 1024w, https:\/\/leaders-copilot.com\/wp-content\/uploads\/2025\/03\/DSCF6092-300x200.jpg 300w, https:\/\/leaders-copilot.com\/wp-content\/uploads\/2025\/03\/DSCF6092-2000x1333.jpg 2000w, https:\/\/leaders-copilot.com\/wp-content\/uploads\/2025\/03\/DSCF6092-600x400.jpg 600w, https:\/\/leaders-copilot.com\/wp-content\/uploads\/2025\/03\/DSCF6092-1200x800.jpg 1200w\" sizes=\"auto, (max-width: 1024px) 100vw, 1024px\" \/><span aria-hidden=\"true\" class=\"wp-block-cover__background has-primary-background-color has-background-dim-70 has-background-dim\"><\/span><div class=\"wp-block-cover__inner-container is-layout-flow wp-block-cover-is-layout-flow\">\n<h3 class=\"wp-block-heading has-white-color has-text-color\" style=\"margin-top:0;margin-right:0;margin-bottom:0;margin-left:0;font-size:clamp(14px, 0.875rem + ((1vw - 3.2px) * 0.521), 19px);\">Gest\u00e3o estrat\u00e9gica<\/h3>\n\n\n\n<p><\/p>\n\n\n\n<p class=\"has-secondary-color has-text-color has-link-color wp-elements-c44360960332ce2c85f0368d000b299b\" style=\"margin-top:0;margin-right:0;margin-bottom:0;margin-left:0\"><a href=\"https:\/\/leaders-copilot.com\/index.php\/pt\/gestao-estrategica\/\" data-type=\"page\" data-id=\"1200\">En savoir plus \u2192<\/a><\/p>\n<\/div><\/div>\n<\/div>\n<\/div>\n\n\n\n<div style=\"height:65px\" aria-hidden=\"true\" class=\"wp-block-spacer\"><\/div>\n<\/div>\n","protected":false},"excerpt":{"rendered":"","protected":false},"author":1,"featured_media":0,"parent":0,"menu_order":0,"comment_status":"closed","ping_status":"closed","template":"page-templates\/no-title.php","meta":{"footnotes":""},"class_list":["post-1154","page","type-page","status-publish","hentry"],"featured_media_urls":[],"_links":{"self":[{"href":"https:\/\/leaders-copilot.com\/index.php\/wp-json\/wp\/v2\/pages\/1154","targetHints":{"allow":["GET"]}}],"collection":[{"href":"https:\/\/leaders-copilot.com\/index.php\/wp-json\/wp\/v2\/pages"}],"about":[{"href":"https:\/\/leaders-copilot.com\/index.php\/wp-json\/wp\/v2\/types\/page"}],"author":[{"embeddable":true,"href":"https:\/\/leaders-copilot.com\/index.php\/wp-json\/wp\/v2\/users\/1"}],"replies":[{"embeddable":true,"href":"https:\/\/leaders-copilot.com\/index.php\/wp-json\/wp\/v2\/comments?post=1154"}],"version-history":[{"count":11,"href":"https:\/\/leaders-copilot.com\/index.php\/wp-json\/wp\/v2\/pages\/1154\/revisions"}],"predecessor-version":[{"id":1229,"href":"https:\/\/leaders-copilot.com\/index.php\/wp-json\/wp\/v2\/pages\/1154\/revisions\/1229"}],"wp:attachment":[{"href":"https:\/\/leaders-copilot.com\/index.php\/wp-json\/wp\/v2\/media?parent=1154"}],"curies":[{"name":"wp","href":"https:\/\/api.w.org\/{rel}","templated":true}]}}