{"id":1041,"date":"2025-11-10T16:28:34","date_gmt":"2025-11-10T15:28:34","guid":{"rendered":"https:\/\/leaders-copilot.com\/?page_id=1041"},"modified":"2025-11-22T20:14:24","modified_gmt":"2025-11-22T19:14:24","slug":"gestion-du-changement","status":"publish","type":"page","link":"https:\/\/leaders-copilot.com\/index.php\/gestion-du-changement\/","title":{"rendered":"Management des op\u00e9rations"},"content":{"rendered":"\n<div class=\"wp-block-cover\" style=\"min-height:700px;aspect-ratio:unset;\"><img loading=\"lazy\" decoding=\"async\" width=\"1024\" height=\"683\" class=\"wp-block-cover__image-background wp-image-571 size-large\" alt=\"\u00c9valuer Auditer les entreprises\" src=\"http:\/\/leaders-copilot.com\/wp-content\/uploads\/2025\/01\/DSCF3946-1024x683.jpg\" data-object-fit=\"cover\" srcset=\"https:\/\/leaders-copilot.com\/wp-content\/uploads\/2025\/01\/DSCF3946-1024x683.jpg 1024w, https:\/\/leaders-copilot.com\/wp-content\/uploads\/2025\/01\/DSCF3946-300x200.jpg 300w, https:\/\/leaders-copilot.com\/wp-content\/uploads\/2025\/01\/DSCF3946-2000x1333.jpg 2000w, https:\/\/leaders-copilot.com\/wp-content\/uploads\/2025\/01\/DSCF3946-600x400.jpg 600w, https:\/\/leaders-copilot.com\/wp-content\/uploads\/2025\/01\/DSCF3946-1200x800.jpg 1200w\" sizes=\"auto, (max-width: 1024px) 100vw, 1024px\" \/><span aria-hidden=\"true\" class=\"wp-block-cover__background has-primary-background-color has-background-dim\"><\/span><div class=\"wp-block-cover__inner-container has-global-padding is-layout-constrained wp-block-cover-is-layout-constrained\">\n<div style=\"height:250px\" aria-hidden=\"true\" class=\"wp-block-spacer\"><\/div>\n\n\n\n<p class=\"has-text-align-center has-large-font-size\" style=\"font-style:normal;font-weight:100\">Management des op\u00e9rations<\/p>\n\n\n\n<div style=\"height:280px\" aria-hidden=\"true\" class=\"wp-block-spacer\"><\/div>\n<\/div><\/div>\n\n\n\n<div class=\"wp-block-columns is-layout-flex wp-container-core-columns-is-layout-28f84493 wp-block-columns-is-layout-flex\">\n<div class=\"wp-block-column is-layout-flow wp-block-column-is-layout-flow\" style=\"flex-basis:33.33%\">\n<div class=\"wp-block-cover has-custom-content-position is-position-top-left\" style=\"padding-top:var(--wp--preset--spacing--small);padding-right:var(--wp--preset--spacing--x-small);padding-bottom:var(--wp--preset--spacing--small);padding-left:var(--wp--preset--spacing--x-small);min-height:517px;aspect-ratio:unset;\"><span aria-hidden=\"true\" class=\"wp-block-cover__background has-primary-background-color has-background-dim-60 has-background-dim\"><\/span><div class=\"wp-block-cover__inner-container is-layout-flow wp-block-cover-is-layout-flow\">\n<h3 class=\"wp-block-heading has-secondary-color has-text-color has-medium-font-size\" style=\"margin-top:0;margin-right:0;margin-bottom:0;margin-left:0\">Enjeux<\/h3>\n\n\n\n<div style=\"height:16px\" aria-hidden=\"true\" class=\"wp-block-spacer\"><\/div>\n\n\n\n<p>Les op\u00e9rations sont le c\u0153ur de toutes les organisations, ce sont elles qui d\u00e9livrent les services ou produisent les biens.<\/p>\n\n\n\n<p>S&rsquo;assurer que les activit\u00e9s s&rsquo;y d\u00e9roulent de mani\u00e8re efficiente c&rsquo;est s&rsquo;assurer de la profitabilit\u00e9 d&rsquo;une entreprise, de l&rsquo;efficacit\u00e9 d&rsquo;une administration ou de l&rsquo;impact d&rsquo;une association.<\/p>\n\n\n\n<p>Pour assurer la soutenabilit\u00e9 de votre organisation, nous fournissons une expertise de pointe en mati\u00e8re d&rsquo;\u00e9valuation et d&rsquo;am\u00e9lioration de vos op\u00e9rations.<\/p>\n<\/div><\/div>\n<\/div>\n\n\n\n<div class=\"wp-block-column is-layout-flow wp-block-column-is-layout-flow\" style=\"flex-basis:66.66%\">\n<div class=\"wp-block-cover is-light has-custom-content-position is-position-top-left\" style=\"padding-top:var(--wp--preset--spacing--small);padding-right:var(--wp--preset--spacing--x-small);padding-bottom:var(--wp--preset--spacing--small);padding-left:var(--wp--preset--spacing--x-small)\"><span aria-hidden=\"true\" class=\"wp-block-cover__background has-background-dim-0 has-background-dim\"><\/span><div class=\"wp-block-cover__inner-container is-layout-flow wp-block-cover-is-layout-flow\">\n<h3 class=\"wp-block-heading has-secondary-color has-text-color has-medium-font-size\" style=\"margin-top:0;margin-right:0;margin-bottom:0;margin-left:0\">Nos Services<\/h3>\n\n\n\n<div class=\"wp-block-cover\" style=\"min-height:100px;aspect-ratio:unset;\"><img loading=\"lazy\" decoding=\"async\" width=\"2073\" height=\"258\" class=\"wp-block-cover__image-background wp-image-1044 size-full\" alt=\"\" src=\"https:\/\/leaders-copilot.com\/wp-content\/uploads\/2025\/11\/Processus-gestion-operations.png\" data-object-fit=\"cover\" srcset=\"https:\/\/leaders-copilot.com\/wp-content\/uploads\/2025\/11\/Processus-gestion-operations.png 2073w, https:\/\/leaders-copilot.com\/wp-content\/uploads\/2025\/11\/Processus-gestion-operations-300x37.png 300w, https:\/\/leaders-copilot.com\/wp-content\/uploads\/2025\/11\/Processus-gestion-operations-1024x127.png 1024w, https:\/\/leaders-copilot.com\/wp-content\/uploads\/2025\/11\/Processus-gestion-operations-2000x249.png 2000w\" sizes=\"auto, (max-width: 2073px) 100vw, 2073px\" \/><span aria-hidden=\"true\" class=\"wp-block-cover__background has-background-dim-10 has-background-dim\"><\/span><div class=\"wp-block-cover__inner-container has-global-padding is-layout-constrained wp-block-cover-is-layout-constrained\">\n<p class=\"has-text-align-center has-large-font-size\"><\/p>\n<\/div><\/div>\n\n\n\n<div class=\"wp-block-columns is-layout-flex wp-container-core-columns-is-layout-28f84493 wp-block-columns-is-layout-flex\">\n<div class=\"wp-block-column is-layout-flow wp-block-column-is-layout-flow\">\n<div class=\"wp-block-cover has-custom-content-position is-position-top-center has-border-color\" style=\"border-color:#D9D9D9;border-style:solid;border-width:1px;border-radius:0px;min-height:310px;aspect-ratio:unset;\"><img loading=\"lazy\" decoding=\"async\" width=\"500\" height=\"749\" class=\"wp-block-cover__image-background wp-image-1060 size-full\" alt=\"\" src=\"https:\/\/leaders-copilot.com\/wp-content\/uploads\/2025\/11\/pexels-photo-5752271-3620111386.jpeg\" data-object-fit=\"cover\" srcset=\"https:\/\/leaders-copilot.com\/wp-content\/uploads\/2025\/11\/pexels-photo-5752271-3620111386.jpeg 500w, https:\/\/leaders-copilot.com\/wp-content\/uploads\/2025\/11\/pexels-photo-5752271-3620111386-200x300.jpeg 200w\" sizes=\"auto, (max-width: 500px) 100vw, 500px\" \/><span aria-hidden=\"true\" class=\"wp-block-cover__background has-primary-background-color has-background-dim-80 has-background-dim\"><\/span><div class=\"wp-block-cover__inner-container has-global-padding is-layout-constrained wp-block-cover-is-layout-constrained\">\n<p class=\"has-text-align-center has-lightgrey-color has-text-color has-link-color has-medium-font-size wp-elements-23500d766c0ffce4498d3f7b554fd9a9\" style=\"font-style:normal;font-weight:300\">Diagnostic <\/p>\n\n\n\n<p class=\"has-lightgrey-color has-text-color has-link-color wp-elements-5fcd40bee4b4c5dc1a761c9c90f1962c\" style=\"font-style:normal;font-weight:100\">Parce que comprendre un probl\u00e8me est n\u00e9cessaire pour le r\u00e9soudre, nous menons des diagnostics sur vos activit\u00e9s afin d&rsquo;identifier vos pertes de productivit\u00e9, de qualit\u00e9, ainsi que vos vuln\u00e9rabilit\u00e9s.<\/p>\n<\/div><\/div>\n<\/div>\n\n\n\n<div class=\"wp-block-column is-layout-flow wp-block-column-is-layout-flow\">\n<div class=\"wp-block-cover has-custom-content-position is-position-top-center has-border-color\" style=\"border-color:#D9D9D9;border-width:1px;border-radius:0px;min-height:310px;aspect-ratio:unset;\"><img loading=\"lazy\" decoding=\"async\" width=\"338\" height=\"177\" class=\"wp-block-cover__image-background wp-image-1063 size-full\" alt=\"\" src=\"https:\/\/leaders-copilot.com\/wp-content\/uploads\/2025\/11\/organization-chart-production-planning-control-organizational-structure-work-process-business-administration-work-organization-flow-of-information-information-logistics-thumbnail-322636257.jpg\" data-object-fit=\"cover\" srcset=\"https:\/\/leaders-copilot.com\/wp-content\/uploads\/2025\/11\/organization-chart-production-planning-control-organizational-structure-work-process-business-administration-work-organization-flow-of-information-information-logistics-thumbnail-322636257.jpg 338w, https:\/\/leaders-copilot.com\/wp-content\/uploads\/2025\/11\/organization-chart-production-planning-control-organizational-structure-work-process-business-administration-work-organization-flow-of-information-information-logistics-thumbnail-322636257-300x157.jpg 300w\" sizes=\"auto, (max-width: 338px) 100vw, 338px\" \/><span aria-hidden=\"true\" class=\"wp-block-cover__background has-primary-background-color has-background-dim-80 has-background-dim\"><\/span><div class=\"wp-block-cover__inner-container has-global-padding is-layout-constrained wp-block-cover-is-layout-constrained\">\n<p class=\"has-text-align-center has-lightgrey-color has-text-color has-link-color has-medium-font-size wp-elements-4c1dcd8751a0e251a7e4e2b2784d0ffa\" style=\"font-style:normal;font-weight:300\">Ing\u00e9nierie organisationnelle<\/p>\n\n\n\n<p class=\"has-lightgrey-color has-text-color has-link-color wp-elements-f6b06c51acc30464eaa7e64e9fa2cda5\" style=\"font-style:normal;font-weight:100\">Nous vous aidons \u00e0 concevoir des processus et des solutions techniques permettant de r\u00e9soudre vos probl\u00e8mes d&rsquo;efficacit\u00e9 et d&rsquo;assurer la soutenabilit\u00e9 de vos op\u00e9rations.<\/p>\n<\/div><\/div>\n<\/div>\n\n\n\n<div class=\"wp-block-column is-layout-flow wp-block-column-is-layout-flow\">\n<div class=\"wp-block-cover has-custom-content-position is-position-top-center has-border-color wp-duotone-unset-1\" style=\"border-color:#D9D9D9;border-width:1px;border-radius:0px;min-height:310px;aspect-ratio:unset;\"><img loading=\"lazy\" decoding=\"async\" width=\"685\" height=\"552\" class=\"wp-block-cover__image-background wp-image-1068 size-full\" alt=\"\" src=\"https:\/\/leaders-copilot.com\/wp-content\/uploads\/2025\/11\/Capture-decran-2025-11-13-024503.png\" style=\"object-position:100% 50%\" data-object-fit=\"cover\" data-object-position=\"100% 50%\" srcset=\"https:\/\/leaders-copilot.com\/wp-content\/uploads\/2025\/11\/Capture-decran-2025-11-13-024503.png 685w, https:\/\/leaders-copilot.com\/wp-content\/uploads\/2025\/11\/Capture-decran-2025-11-13-024503-300x242.png 300w\" sizes=\"auto, (max-width: 685px) 100vw, 685px\" \/><span aria-hidden=\"true\" class=\"wp-block-cover__background has-primary-background-color has-background-dim-80 has-background-dim\"><\/span><div class=\"wp-block-cover__inner-container has-global-padding is-layout-constrained wp-block-cover-is-layout-constrained\">\n<p class=\"has-text-align-center has-lightgrey-color has-text-color has-link-color has-medium-font-size wp-elements-2547ab4255ecef1d4a4d18625dc4cfea\" style=\"font-style:normal;font-weight:300\">Am\u00e9lioration continue<\/p>\n\n\n\n<p class=\"has-lightgrey-color has-text-color has-link-color wp-elements-6f1b53555bc41f32471208bf7f26e175\" style=\"font-style:normal;font-weight:100\">Nous vous soutenons dans l&rsquo;impl\u00e9mentation de d\u00e9marches d&rsquo;am\u00e9lioration continue, impliquant votre personnel, afin de vous aider \u00e0 construire une organisation agile et r\u00e9siliente.<\/p>\n<\/div><\/div>\n<\/div>\n<\/div>\n<\/div><\/div>\n<\/div>\n<\/div>\n\n\n\n<div class=\"wp-block-columns is-layout-flex wp-container-core-columns-is-layout-28f84493 wp-block-columns-is-layout-flex\">\n<div class=\"wp-block-column is-layout-flow wp-block-column-is-layout-flow\" style=\"flex-basis:33.33%\">\n<div class=\"wp-block-cover has-custom-content-position is-position-top-left\" style=\"padding-top:var(--wp--preset--spacing--small);padding-right:var(--wp--preset--spacing--x-small);padding-bottom:var(--wp--preset--spacing--small);padding-left:var(--wp--preset--spacing--x-small);min-height:490px;aspect-ratio:unset;\"><img loading=\"lazy\" decoding=\"async\" width=\"640\" height=\"480\" class=\"wp-block-cover__image-background wp-image-321 size-full\" alt=\"\" src=\"http:\/\/leaders-copilot.com\/wp-content\/uploads\/2025\/01\/Telephone_ExchangeGN06727.jpg\" data-object-fit=\"cover\" srcset=\"https:\/\/leaders-copilot.com\/wp-content\/uploads\/2025\/01\/Telephone_ExchangeGN06727.jpg 640w, https:\/\/leaders-copilot.com\/wp-content\/uploads\/2025\/01\/Telephone_ExchangeGN06727-300x225.jpg 300w\" sizes=\"auto, (max-width: 640px) 100vw, 640px\" \/><span aria-hidden=\"true\" class=\"wp-block-cover__background has-primary-background-color has-background-dim-70 has-background-dim\"><\/span><div class=\"wp-block-cover__inner-container is-layout-flow wp-block-cover-is-layout-flow\">\n<h3 class=\"wp-block-heading has-secondary-color has-text-color has-medium-font-size\" style=\"margin-top:0;margin-right:0;margin-bottom:0;margin-left:0\">Histoire de travail<\/h3>\n\n\n\n<p><\/p>\n<\/div><\/div>\n<\/div>\n\n\n\n<div class=\"wp-block-column is-layout-flow wp-block-column-is-layout-flow\" style=\"flex-basis:66.66%\">\n<div class=\"wp-block-cover is-light has-custom-content-position is-position-top-left wp-duotone-unset-2\" style=\"padding-top:var(--wp--preset--spacing--small);padding-right:var(--wp--preset--spacing--x-small);padding-bottom:var(--wp--preset--spacing--small);padding-left:var(--wp--preset--spacing--x-small)\"><span aria-hidden=\"true\" class=\"wp-block-cover__background has-background-dim-0 has-background-dim\"><\/span><div class=\"wp-block-cover__inner-container is-layout-flow wp-block-cover-is-layout-flow\">\n<p class=\"has-background-color has-text-color has-link-color wp-elements-4afb51f6c743081be3652b832f03ce50\">La pand\u00e9mie de Covid 19 et les confinements ont boulevers\u00e9 le monde du travail, notamment avec l&rsquo;introduction massive du t\u00e9l\u00e9travail. Une des grandes questions qui a \u00e9t\u00e9 soulev\u00e9e alors est celle de la productivit\u00e9, avec une contradiction ressentie dans beaucoup d&rsquo;entreprises : si les employ\u00e9s affirment que leur productivit\u00e9 s&rsquo;am\u00e9liore en travaillant \u00e0 domicile, les employeurs constatent collectivement l&rsquo;inverse. C&rsquo;est le dilemme auquel mon employeur de l&rsquo;\u00e9poque, une multinationale d\u00e9veloppant des softwares, est \u00e9galement confront\u00e9. <\/p>\n\n\n\n<p class=\"has-background-color has-text-color has-link-color wp-elements-f05f8255ffceeaf1df443bd1402a2ca4\">Pourtant, une analyse des processus de travail donne un \u00e9clairage assez simple sur le ph\u00e9nom\u00e8ne. Le t\u00e9l\u00e9travail a supprim\u00e9, de fait, beaucoup de r\u00e9gulations \u00ab\u00a0\u00e0 chaud\u00a0\u00bb, et les a remplac\u00e9 par des r\u00e9gulation \u00ab\u00a0froides\u00a0\u00bb, planifi\u00e9es. Par exemple, pour faire valider son travail par l&rsquo;encadrement technique, la pratique est pass\u00e9e d&rsquo;interpeller, \u00e0 l&rsquo;oral, son encadrant situ\u00e9 2 m\u00e8tres \u00e0 c\u00f4t\u00e9, \u00e0 envoyer un message par \u00e9crit ou organiser un meeting, ce qui implique entre autres, des temps d&rsquo;attente, de r\u00e9daction, de gestion d&rsquo;agenda, etc. Les validateurs \u00e9tant, dans un processus, des goulots d&rsquo;\u00e9tranglement, l&rsquo;aggravation de ce ralentissement par le t\u00e9l\u00e9travail explique en partie les \u00e9carts de productivit\u00e9.<\/p>\n\n\n\n<p class=\"has-background-color has-text-color has-link-color wp-elements-b26d79e901312c3e234f6290ae2a8f94\">Mon m\u00e9tier est de connaitre et de d\u00e9crypter les processus de travail afin de les transformer pour les rendre plus efficaces et r\u00e9silients.<\/p>\n<\/div><\/div>\n<\/div>\n<\/div>\n\n\n\n<div class=\"wp-block-columns is-layout-flex wp-container-core-columns-is-layout-28f84493 wp-block-columns-is-layout-flex\">\n<div class=\"wp-block-column is-layout-flow wp-block-column-is-layout-flow\" style=\"padding-top:0;padding-right:0;padding-bottom:0;padding-left:0\">\n<div class=\"wp-block-cover has-custom-content-position is-position-bottom-left\" style=\"padding-top:var(--wp--preset--spacing--small);padding-right:var(--wp--preset--spacing--x-small);padding-bottom:var(--wp--preset--spacing--small);padding-left:var(--wp--preset--spacing--x-small)\"><img loading=\"lazy\" decoding=\"async\" width=\"640\" height=\"480\" class=\"wp-block-cover__image-background wp-image-322\" alt=\"\" src=\"https:\/\/leaders-copilot.com\/wp-content\/uploads\/2025\/01\/Hang_up_the_phone._Unsplash.jpg\" data-object-fit=\"cover\" srcset=\"https:\/\/leaders-copilot.com\/wp-content\/uploads\/2025\/01\/Hang_up_the_phone._Unsplash.jpg 640w, https:\/\/leaders-copilot.com\/wp-content\/uploads\/2025\/01\/Hang_up_the_phone._Unsplash-300x225.jpg 300w\" sizes=\"auto, (max-width: 640px) 100vw, 640px\" \/><span aria-hidden=\"true\" class=\"wp-block-cover__background has-primary-background-color has-background-dim-70 has-background-dim\"><\/span><div class=\"wp-block-cover__inner-container is-layout-flow wp-block-cover-is-layout-flow\">\n<p class=\"has-text-align-left has-large-font-size\">Nous contacter<\/p>\n\n\n\n<div class=\"wp-block-group is-nowrap is-layout-flex wp-container-core-group-is-layout-6c531013 wp-block-group-is-layout-flex\">\n<figure class=\"wp-block-image size-full is-resized\" style=\"margin-top:0;margin-bottom:0\"><img loading=\"lazy\" decoding=\"async\" width=\"512\" height=\"512\" src=\"http:\/\/leaders-copilot.com\/wp-content\/uploads\/2025\/01\/phone-call-white-icon.png\" alt=\"\" class=\"wp-image-329\" style=\"width:34px\" srcset=\"https:\/\/leaders-copilot.com\/wp-content\/uploads\/2025\/01\/phone-call-white-icon.png 512w, https:\/\/leaders-copilot.com\/wp-content\/uploads\/2025\/01\/phone-call-white-icon-300x300.png 300w, https:\/\/leaders-copilot.com\/wp-content\/uploads\/2025\/01\/phone-call-white-icon-150x150.png 150w\" sizes=\"auto, (max-width: 512px) 100vw, 512px\" \/><\/figure>\n\n\n\n<p>+33 6 10 57 02 23<\/p>\n<\/div>\n\n\n\n<div class=\"wp-block-group is-nowrap is-layout-flex wp-container-core-group-is-layout-6c531013 wp-block-group-is-layout-flex\">\n<figure class=\"wp-block-image size-full is-resized is-style-default\" style=\"margin-top:0;margin-bottom:0\"><img loading=\"lazy\" decoding=\"async\" width=\"512\" height=\"512\" src=\"http:\/\/leaders-copilot.com\/wp-content\/uploads\/2025\/01\/email-envelope-line-white-icon.webp\" alt=\"\" class=\"wp-image-330\" style=\"width:34px\" srcset=\"https:\/\/leaders-copilot.com\/wp-content\/uploads\/2025\/01\/email-envelope-line-white-icon.webp 512w, https:\/\/leaders-copilot.com\/wp-content\/uploads\/2025\/01\/email-envelope-line-white-icon-300x300.webp 300w, https:\/\/leaders-copilot.com\/wp-content\/uploads\/2025\/01\/email-envelope-line-white-icon-150x150.webp 150w\" sizes=\"auto, (max-width: 512px) 100vw, 512px\" \/><\/figure>\n\n\n\n<p><a href=\"mailto:c.taledo@leaders-copilot.com\">c.taledo@leaders-copilot.com<\/a><\/p>\n<\/div>\n<\/div><\/div>\n<\/div>\n\n\n\n<div class=\"wp-block-column is-layout-flow wp-block-column-is-layout-flow\" style=\"flex-basis:33.33%\"><\/div>\n<\/div>\n\n\n\n<p><\/p>\n","protected":false},"excerpt":{"rendered":"","protected":false},"author":1,"featured_media":0,"parent":0,"menu_order":0,"comment_status":"closed","ping_status":"closed","template":"page-templates\/full-width-no-title.php","meta":{"footnotes":""},"class_list":["post-1041","page","type-page","status-publish","hentry"],"featured_media_urls":[],"_links":{"self":[{"href":"https:\/\/leaders-copilot.com\/index.php\/wp-json\/wp\/v2\/pages\/1041","targetHints":{"allow":["GET"]}}],"collection":[{"href":"https:\/\/leaders-copilot.com\/index.php\/wp-json\/wp\/v2\/pages"}],"about":[{"href":"https:\/\/leaders-copilot.com\/index.php\/wp-json\/wp\/v2\/types\/page"}],"author":[{"embeddable":true,"href":"https:\/\/leaders-copilot.com\/index.php\/wp-json\/wp\/v2\/users\/1"}],"replies":[{"embeddable":true,"href":"https:\/\/leaders-copilot.com\/index.php\/wp-json\/wp\/v2\/comments?post=1041"}],"version-history":[{"count":18,"href":"https:\/\/leaders-copilot.com\/index.php\/wp-json\/wp\/v2\/pages\/1041\/revisions"}],"predecessor-version":[{"id":1278,"href":"https:\/\/leaders-copilot.com\/index.php\/wp-json\/wp\/v2\/pages\/1041\/revisions\/1278"}],"wp:attachment":[{"href":"https:\/\/leaders-copilot.com\/index.php\/wp-json\/wp\/v2\/media?parent=1041"}],"curies":[{"name":"wp","href":"https:\/\/api.w.org\/{rel}","templated":true}]}}