{"id":1026,"date":"2025-11-10T15:08:28","date_gmt":"2025-11-10T14:08:28","guid":{"rendered":"https:\/\/leaders-copilot.com\/?page_id=1026"},"modified":"2025-11-22T20:13:57","modified_gmt":"2025-11-22T19:13:57","slug":"gestion-du-personnel","status":"publish","type":"page","link":"https:\/\/leaders-copilot.com\/index.php\/gestion-du-personnel\/","title":{"rendered":"Gestion du personnel"},"content":{"rendered":"\n<div class=\"wp-block-cover\" style=\"min-height:700px;aspect-ratio:unset;\"><img loading=\"lazy\" decoding=\"async\" width=\"768\" height=\"1024\" class=\"wp-block-cover__image-background wp-image-863 size-large\" alt=\"Conseiller\" src=\"http:\/\/leaders-copilot.com\/wp-content\/uploads\/2025\/10\/DSCF9483-edited-768x1024.jpg\" style=\"object-position:48% 37%\" data-object-fit=\"cover\" data-object-position=\"48% 37%\" srcset=\"https:\/\/leaders-copilot.com\/wp-content\/uploads\/2025\/10\/DSCF9483-edited-768x1024.jpg 768w, https:\/\/leaders-copilot.com\/wp-content\/uploads\/2025\/10\/DSCF9483-edited-225x300.jpg 225w, https:\/\/leaders-copilot.com\/wp-content\/uploads\/2025\/10\/DSCF9483-edited-2000x2665.jpg 2000w, https:\/\/leaders-copilot.com\/wp-content\/uploads\/2025\/10\/DSCF9483-edited-scaled.jpg 1921w\" sizes=\"auto, (max-width: 768px) 100vw, 768px\" \/><span aria-hidden=\"true\" class=\"wp-block-cover__background has-primary-background-color has-background-dim\"><\/span><div class=\"wp-block-cover__inner-container has-global-padding is-layout-constrained wp-block-cover-is-layout-constrained\">\n<div style=\"height:250px\" aria-hidden=\"true\" class=\"wp-block-spacer\"><\/div>\n\n\n\n<p class=\"has-text-align-center has-large-font-size\" style=\"font-style:normal;font-weight:100\">Gestion du personnel<\/p>\n\n\n\n<div style=\"height:280px\" aria-hidden=\"true\" class=\"wp-block-spacer\"><\/div>\n<\/div><\/div>\n\n\n\n<div class=\"wp-block-columns is-layout-flex wp-container-core-columns-is-layout-28f84493 wp-block-columns-is-layout-flex\">\n<div class=\"wp-block-column is-layout-flow wp-block-column-is-layout-flow\" style=\"flex-basis:33.33%\">\n<div class=\"wp-block-cover has-custom-content-position is-position-top-left\" style=\"padding-top:var(--wp--preset--spacing--small);padding-right:var(--wp--preset--spacing--x-small);padding-bottom:var(--wp--preset--spacing--small);padding-left:var(--wp--preset--spacing--x-small);min-height:517px;aspect-ratio:unset;\"><span aria-hidden=\"true\" class=\"wp-block-cover__background has-primary-background-color has-background-dim-70 has-background-dim\"><\/span><div class=\"wp-block-cover__inner-container is-layout-flow wp-block-cover-is-layout-flow\">\n<h3 class=\"wp-block-heading has-secondary-color has-text-color has-medium-font-size\" style=\"margin-top:0;margin-right:0;margin-bottom:0;margin-left:0\">Enjeux<\/h3>\n\n\n\n<div style=\"height:16px\" aria-hidden=\"true\" class=\"wp-block-spacer\"><\/div>\n\n\n\n<p>Pratiques improductives, travail inutile, nonchalance, et dans le pire des cas agissements d\u00e9plac\u00e9s, nous avons tous vu ces comportements probl\u00e9matiques au travail. <\/p>\n\n\n\n<p>Loin d&rsquo;\u00eatre anecdotiques, ils ont des cons\u00e9quences concr\u00e8tes en termes de productivit\u00e9, de transfert de charge, ou de conditions de travail.<\/p>\n\n\n\n<p>Ils n&rsquo;ont toutefois rien d&rsquo;une fatalit\u00e9. Nous outillons les managers pour encadrer efficacement leurs \u00e9quipes.<\/p>\n<\/div><\/div>\n<\/div>\n\n\n\n<div class=\"wp-block-column is-layout-flow wp-block-column-is-layout-flow\" style=\"flex-basis:66.66%\">\n<div class=\"wp-block-cover is-light has-custom-content-position is-position-top-left\" style=\"padding-top:var(--wp--preset--spacing--small);padding-right:var(--wp--preset--spacing--x-small);padding-bottom:var(--wp--preset--spacing--small);padding-left:var(--wp--preset--spacing--x-small)\"><span aria-hidden=\"true\" class=\"wp-block-cover__background has-background-dim-0 has-background-dim\"><\/span><div class=\"wp-block-cover__inner-container is-layout-flow wp-block-cover-is-layout-flow\">\n<h3 class=\"wp-block-heading has-secondary-color has-text-color has-medium-font-size\" style=\"margin-top:0;margin-right:0;margin-bottom:0;margin-left:0\">Nos Services<\/h3>\n\n\n\n<div class=\"wp-block-cover\" style=\"min-height:100px;aspect-ratio:unset;\"><img loading=\"lazy\" decoding=\"async\" width=\"2104\" height=\"271\" class=\"wp-block-cover__image-background wp-image-1028 size-full\" alt=\"\" src=\"https:\/\/leaders-copilot.com\/wp-content\/uploads\/2025\/11\/Processus-gestion-personnel.png\" data-object-fit=\"cover\" srcset=\"https:\/\/leaders-copilot.com\/wp-content\/uploads\/2025\/11\/Processus-gestion-personnel.png 2104w, https:\/\/leaders-copilot.com\/wp-content\/uploads\/2025\/11\/Processus-gestion-personnel-300x39.png 300w, https:\/\/leaders-copilot.com\/wp-content\/uploads\/2025\/11\/Processus-gestion-personnel-1024x132.png 1024w, https:\/\/leaders-copilot.com\/wp-content\/uploads\/2025\/11\/Processus-gestion-personnel-2000x258.png 2000w\" sizes=\"auto, (max-width: 2104px) 100vw, 2104px\" \/><span aria-hidden=\"true\" class=\"wp-block-cover__background has-background-dim-10 has-background-dim\"><\/span><div class=\"wp-block-cover__inner-container has-global-padding is-layout-constrained wp-block-cover-is-layout-constrained\">\n<p class=\"has-text-align-center has-large-font-size\"><\/p>\n<\/div><\/div>\n\n\n\n<div class=\"wp-block-columns is-layout-flex wp-container-core-columns-is-layout-28f84493 wp-block-columns-is-layout-flex\">\n<div class=\"wp-block-column is-layout-flow wp-block-column-is-layout-flow\">\n<div class=\"wp-block-cover has-custom-content-position is-position-top-center has-border-color\" style=\"border-color:#D9D9D9;border-style:solid;border-width:1px;border-radius:0px;min-height:310px;aspect-ratio:unset;\"><img loading=\"lazy\" decoding=\"async\" width=\"719\" height=\"1024\" class=\"wp-block-cover__image-background wp-image-812 size-large\" alt=\"\" src=\"http:\/\/leaders-copilot.com\/wp-content\/uploads\/2025\/10\/IMG_5770-719x1024.jpg\" style=\"object-position:58% 49%\" data-object-fit=\"cover\" data-object-position=\"58% 49%\" srcset=\"https:\/\/leaders-copilot.com\/wp-content\/uploads\/2025\/10\/IMG_5770-719x1024.jpg 719w, https:\/\/leaders-copilot.com\/wp-content\/uploads\/2025\/10\/IMG_5770-211x300.jpg 211w, https:\/\/leaders-copilot.com\/wp-content\/uploads\/2025\/10\/IMG_5770-2000x2848.jpg 2000w, https:\/\/leaders-copilot.com\/wp-content\/uploads\/2025\/10\/IMG_5770-scaled.jpg 1798w\" sizes=\"auto, (max-width: 719px) 100vw, 719px\" \/><span aria-hidden=\"true\" class=\"wp-block-cover__background has-primary-background-color has-background-dim-80 has-background-dim\"><\/span><div class=\"wp-block-cover__inner-container has-global-padding is-layout-constrained wp-block-cover-is-layout-constrained\">\n<p class=\"has-text-align-center has-lightgrey-color has-text-color has-link-color has-medium-font-size wp-elements-a54b2742c6b6ff5387bb0c0ab32e5f32\" style=\"font-style:normal;font-weight:300\">Processus d&rsquo;acquisition<\/p>\n\n\n\n<p class=\"has-lightgrey-color has-text-color has-link-color wp-elements-1cfec9c1597979d592339a36af642254\" style=\"font-style:normal;font-weight:100\">Nous partageons les meilleures pratiques de profilage, d&rsquo;acquisition et d&rsquo;int\u00e9gration du personnel, afin de construire des collaborations p\u00e9rennes.<\/p>\n<\/div><\/div>\n<\/div>\n\n\n\n<div class=\"wp-block-column is-layout-flow wp-block-column-is-layout-flow\">\n<div class=\"wp-block-cover has-custom-content-position is-position-top-center has-border-color\" style=\"border-color:#D9D9D9;border-width:1px;border-radius:0px;min-height:310px;aspect-ratio:unset;\"><img loading=\"lazy\" decoding=\"async\" width=\"1024\" height=\"683\" class=\"wp-block-cover__image-background wp-image-576 size-large\" alt=\"Analyser les organisations\" src=\"http:\/\/leaders-copilot.com\/wp-content\/uploads\/2025\/01\/DSCF0810-1024x683.jpg\" style=\"object-position:79% 72%\" data-object-fit=\"cover\" data-object-position=\"79% 72%\" srcset=\"https:\/\/leaders-copilot.com\/wp-content\/uploads\/2025\/01\/DSCF0810-1024x683.jpg 1024w, https:\/\/leaders-copilot.com\/wp-content\/uploads\/2025\/01\/DSCF0810-300x200.jpg 300w, https:\/\/leaders-copilot.com\/wp-content\/uploads\/2025\/01\/DSCF0810-2000x1333.jpg 2000w, https:\/\/leaders-copilot.com\/wp-content\/uploads\/2025\/01\/DSCF0810-600x400.jpg 600w, https:\/\/leaders-copilot.com\/wp-content\/uploads\/2025\/01\/DSCF0810-1200x800.jpg 1200w\" sizes=\"auto, (max-width: 1024px) 100vw, 1024px\" \/><span aria-hidden=\"true\" class=\"wp-block-cover__background has-primary-background-color has-background-dim-80 has-background-dim\"><\/span><div class=\"wp-block-cover__inner-container has-global-padding is-layout-constrained wp-block-cover-is-layout-constrained\">\n<p class=\"has-text-align-center has-lightgrey-color has-text-color has-link-color has-medium-font-size wp-elements-b8c59716d1ecf6ced345c1c83979e771\" style=\"font-style:normal;font-weight:300\">Processus d&rsquo;\u00e9valuation<\/p>\n\n\n\n<p class=\"has-lightgrey-color has-text-color has-link-color wp-elements-58e6449dfc5ffbc1cb211f2dadfe45a8\" style=\"font-style:normal;font-weight:100\">Nous vous aidons \u00e0 mettre en place un cadre d&rsquo;\u00e9valuation de vos \u00e9quipes clair, sain pr\u00e9visible, et s\u00e9curisant pour le personnel comme pour les managers.<\/p>\n<\/div><\/div>\n<\/div>\n\n\n\n<div class=\"wp-block-column is-layout-flow wp-block-column-is-layout-flow\">\n<div class=\"wp-block-cover has-custom-content-position is-position-top-center has-border-color wp-duotone-unset-1\" style=\"border-color:#D9D9D9;border-width:1px;border-radius:0px;min-height:310px;aspect-ratio:unset;\"><img loading=\"lazy\" decoding=\"async\" width=\"1024\" height=\"683\" class=\"wp-block-cover__image-background wp-image-508 size-large\" alt=\"Partenaire de confiance\" src=\"http:\/\/leaders-copilot.com\/wp-content\/uploads\/2025\/01\/DSCF8170-1024x683.jpg\" style=\"object-position:58% 55%\" data-object-fit=\"cover\" data-object-position=\"58% 55%\" srcset=\"https:\/\/leaders-copilot.com\/wp-content\/uploads\/2025\/01\/DSCF8170-1024x683.jpg 1024w, https:\/\/leaders-copilot.com\/wp-content\/uploads\/2025\/01\/DSCF8170-300x200.jpg 300w\" sizes=\"auto, (max-width: 1024px) 100vw, 1024px\" \/><span aria-hidden=\"true\" class=\"wp-block-cover__background has-primary-background-color has-background-dim-80 has-background-dim\"><\/span><div class=\"wp-block-cover__inner-container has-global-padding is-layout-constrained wp-block-cover-is-layout-constrained\">\n<p class=\"has-text-align-center has-lightgrey-color has-text-color has-link-color has-medium-font-size wp-elements-96e0ed9994abeabf77866b3b87079f20\" style=\"font-style:normal;font-weight:300\">Routines d&rsquo;encadrement<\/p>\n\n\n\n<p class=\"has-lightgrey-color has-text-color has-link-color wp-elements-756952e0b02a5ad34303f7fd04c76160\" style=\"font-style:normal;font-weight:100\">Nous vous soutenons dans l&rsquo;impl\u00e9mentation de routines et de m\u00e9thodes d&rsquo;encadrement facilitant le d\u00e9veloppement des personnes et des activit\u00e9s, et assurant un cadre de travail sain.<\/p>\n<\/div><\/div>\n<\/div>\n<\/div>\n<\/div><\/div>\n<\/div>\n<\/div>\n\n\n\n<div class=\"wp-block-columns is-layout-flex wp-container-core-columns-is-layout-28f84493 wp-block-columns-is-layout-flex\">\n<div class=\"wp-block-column is-layout-flow wp-block-column-is-layout-flow\" style=\"flex-basis:33.33%\">\n<div class=\"wp-block-cover has-custom-content-position is-position-top-left\" style=\"padding-top:var(--wp--preset--spacing--small);padding-right:var(--wp--preset--spacing--x-small);padding-bottom:var(--wp--preset--spacing--small);padding-left:var(--wp--preset--spacing--x-small);min-height:560px;aspect-ratio:unset;\"><img loading=\"lazy\" decoding=\"async\" width=\"604\" height=\"340\" class=\"wp-block-cover__image-background wp-image-1099 size-full\" alt=\"\" src=\"https:\/\/leaders-copilot.com\/wp-content\/uploads\/2025\/11\/stage_performance_orchestra_black_and_white_concert-1393181-2508981093.jpg\" data-object-fit=\"cover\" srcset=\"https:\/\/leaders-copilot.com\/wp-content\/uploads\/2025\/11\/stage_performance_orchestra_black_and_white_concert-1393181-2508981093.jpg 604w, https:\/\/leaders-copilot.com\/wp-content\/uploads\/2025\/11\/stage_performance_orchestra_black_and_white_concert-1393181-2508981093-300x169.jpg 300w\" sizes=\"auto, (max-width: 604px) 100vw, 604px\" \/><span aria-hidden=\"true\" class=\"wp-block-cover__background has-primary-background-color has-background-dim-70 has-background-dim\"><\/span><div class=\"wp-block-cover__inner-container is-layout-flow wp-block-cover-is-layout-flow\">\n<h3 class=\"wp-block-heading has-secondary-color has-text-color has-medium-font-size\" style=\"margin-top:0;margin-right:0;margin-bottom:0;margin-left:0\">Histoire de travail<\/h3>\n\n\n\n<p><\/p>\n<\/div><\/div>\n<\/div>\n\n\n\n<div class=\"wp-block-column is-layout-flow wp-block-column-is-layout-flow\" style=\"flex-basis:66.66%\">\n<div class=\"wp-block-cover is-light has-custom-content-position is-position-top-left wp-duotone-unset-2\" style=\"padding-top:var(--wp--preset--spacing--small);padding-right:var(--wp--preset--spacing--x-small);padding-bottom:var(--wp--preset--spacing--small);padding-left:var(--wp--preset--spacing--x-small)\"><span aria-hidden=\"true\" class=\"wp-block-cover__background has-background-dim-0 has-background-dim\"><\/span><div class=\"wp-block-cover__inner-container is-layout-flow wp-block-cover-is-layout-flow\">\n<p class=\"has-background-color has-text-color has-link-color wp-elements-9592ccca6ecc74b3d8ef5cf68ef00767\">Une firme internationale pour laquelle j&rsquo;ai travaill\u00e9 a connu, apr\u00e8s une p\u00e9riode de croissante rapide, une r\u00e9gression de performance que les dirigeants avaient du mal \u00e0 attribuer. Une \u00e9tude approfondie de notre part a r\u00e9v\u00e9l\u00e9 une triple vuln\u00e9rabilit\u00e9 relative aux pratiques de gestion du personnel : des recrutements pr\u00e9cipit\u00e9s, des probl\u00e8mes de contractualisation et l&rsquo;absence de tra\u00e7abilit\u00e9.<\/p>\n\n\n\n<p class=\"has-background-color has-text-color has-link-color wp-elements-c751e604ec42d4c16197c63758cdfc3d\">Le recrutement est un processus critique qui ne concerne pas que les ressources humaines, mais \u00e9galement les managers, les \u00e9quipes, et les capacit\u00e9s d\u2019absorption d&rsquo;une organisation. Un rythme d&rsquo;acquisition et une int\u00e9gration mal pens\u00e9s aboutissent n\u00e9cessairement \u00e0 une saturation : les \u00e9quipes passent davantage de temps \u00e0 faire monter en comp\u00e9tence les nouveaux arrivants et \u00e0 compenser leur plus faible rendement, ce qui fait baisser la productivit\u00e9 globale.<\/p>\n\n\n\n<p class=\"has-background-color has-text-color has-link-color wp-elements-84620bd8be1368d62c02a9c41a5000fb\">La contractualisation employeur\/employ\u00e9 quant \u00e0 elle ne se limite pas au contrat de travail, elle signifie \u00e9galement que chacun est pleinement inform\u00e9 de ce qui est attendu ou tol\u00e9r\u00e9 de lui (p\u00e9rim\u00e8tre de responsabilit\u00e9s, objectifs de travail, r\u00e8gles, etc.), quand la tra\u00e7abilit\u00e9 implique que les faits de travail sont document\u00e9s (reporting\/informations, \u00e9valuations, recadrages, etc.). Des objectifs mal d\u00e9finis et non suivis emp\u00eachent d&rsquo;identifier clairement les probl\u00e8mes de performance.<\/p>\n\n\n\n<p class=\"has-background-color has-text-color has-link-color wp-elements-bf3a1695f073e576275d649b26b48254\">Ces probl\u00e8mes, pr\u00e9existants, ont \u00e9t\u00e9 exacerb\u00e9s par une croissance rapide jusqu&rsquo;\u00e0 devenir des vuln\u00e9rabilit\u00e9s, il a donc fallu refondre tous ces processus et harmoniser les pratiques d&rsquo;encadrement. Mon m\u00e9tier est de m&rsquo;assurer que le management est correctement outill\u00e9 pour accompagner et encadrer le travail de ses \u00e9quipes.<\/p>\n<\/div><\/div>\n<\/div>\n<\/div>\n\n\n\n<div class=\"wp-block-columns is-layout-flex wp-container-core-columns-is-layout-28f84493 wp-block-columns-is-layout-flex\">\n<div class=\"wp-block-column is-layout-flow wp-block-column-is-layout-flow\" style=\"padding-top:0;padding-right:0;padding-bottom:0;padding-left:0\">\n<div class=\"wp-block-cover has-custom-content-position is-position-bottom-left\" style=\"padding-top:var(--wp--preset--spacing--small);padding-right:var(--wp--preset--spacing--x-small);padding-bottom:var(--wp--preset--spacing--small);padding-left:var(--wp--preset--spacing--x-small)\"><img loading=\"lazy\" decoding=\"async\" width=\"640\" height=\"480\" class=\"wp-block-cover__image-background wp-image-322\" alt=\"\" src=\"https:\/\/leaders-copilot.com\/wp-content\/uploads\/2025\/01\/Hang_up_the_phone._Unsplash.jpg\" data-object-fit=\"cover\" srcset=\"https:\/\/leaders-copilot.com\/wp-content\/uploads\/2025\/01\/Hang_up_the_phone._Unsplash.jpg 640w, https:\/\/leaders-copilot.com\/wp-content\/uploads\/2025\/01\/Hang_up_the_phone._Unsplash-300x225.jpg 300w\" sizes=\"auto, (max-width: 640px) 100vw, 640px\" \/><span aria-hidden=\"true\" class=\"wp-block-cover__background has-primary-background-color has-background-dim-70 has-background-dim\"><\/span><div class=\"wp-block-cover__inner-container is-layout-flow wp-block-cover-is-layout-flow\">\n<p class=\"has-text-align-left has-large-font-size\">Nous contacter<\/p>\n\n\n\n<div class=\"wp-block-group is-nowrap is-layout-flex wp-container-core-group-is-layout-6c531013 wp-block-group-is-layout-flex\">\n<figure class=\"wp-block-image size-full is-resized\" style=\"margin-top:0;margin-bottom:0\"><img loading=\"lazy\" decoding=\"async\" width=\"512\" height=\"512\" src=\"http:\/\/leaders-copilot.com\/wp-content\/uploads\/2025\/01\/phone-call-white-icon.png\" alt=\"\" class=\"wp-image-329\" style=\"width:34px\" srcset=\"https:\/\/leaders-copilot.com\/wp-content\/uploads\/2025\/01\/phone-call-white-icon.png 512w, https:\/\/leaders-copilot.com\/wp-content\/uploads\/2025\/01\/phone-call-white-icon-300x300.png 300w, https:\/\/leaders-copilot.com\/wp-content\/uploads\/2025\/01\/phone-call-white-icon-150x150.png 150w\" sizes=\"auto, (max-width: 512px) 100vw, 512px\" \/><\/figure>\n\n\n\n<p>+33 6 10 57 02 23<\/p>\n<\/div>\n\n\n\n<div class=\"wp-block-group is-nowrap is-layout-flex wp-container-core-group-is-layout-6c531013 wp-block-group-is-layout-flex\">\n<figure class=\"wp-block-image size-full is-resized is-style-default\" style=\"margin-top:0;margin-bottom:0\"><img loading=\"lazy\" decoding=\"async\" width=\"512\" height=\"512\" src=\"http:\/\/leaders-copilot.com\/wp-content\/uploads\/2025\/01\/email-envelope-line-white-icon.webp\" alt=\"\" class=\"wp-image-330\" style=\"width:34px\" srcset=\"https:\/\/leaders-copilot.com\/wp-content\/uploads\/2025\/01\/email-envelope-line-white-icon.webp 512w, https:\/\/leaders-copilot.com\/wp-content\/uploads\/2025\/01\/email-envelope-line-white-icon-300x300.webp 300w, https:\/\/leaders-copilot.com\/wp-content\/uploads\/2025\/01\/email-envelope-line-white-icon-150x150.webp 150w\" sizes=\"auto, (max-width: 512px) 100vw, 512px\" \/><\/figure>\n\n\n\n<p><a href=\"mailto:c.taledo@leaders-copilot.com\">c.taledo@leaders-copilot.com<\/a><\/p>\n<\/div>\n<\/div><\/div>\n<\/div>\n\n\n\n<div class=\"wp-block-column is-layout-flow wp-block-column-is-layout-flow\" style=\"flex-basis:33.33%\"><\/div>\n<\/div>\n\n\n\n<p><\/p>\n","protected":false},"excerpt":{"rendered":"","protected":false},"author":1,"featured_media":0,"parent":0,"menu_order":0,"comment_status":"closed","ping_status":"closed","template":"page-templates\/full-width-no-title.php","meta":{"footnotes":""},"class_list":["post-1026","page","type-page","status-publish","hentry"],"featured_media_urls":[],"_links":{"self":[{"href":"https:\/\/leaders-copilot.com\/index.php\/wp-json\/wp\/v2\/pages\/1026","targetHints":{"allow":["GET"]}}],"collection":[{"href":"https:\/\/leaders-copilot.com\/index.php\/wp-json\/wp\/v2\/pages"}],"about":[{"href":"https:\/\/leaders-copilot.com\/index.php\/wp-json\/wp\/v2\/types\/page"}],"author":[{"embeddable":true,"href":"https:\/\/leaders-copilot.com\/index.php\/wp-json\/wp\/v2\/users\/1"}],"replies":[{"embeddable":true,"href":"https:\/\/leaders-copilot.com\/index.php\/wp-json\/wp\/v2\/comments?post=1026"}],"version-history":[{"count":23,"href":"https:\/\/leaders-copilot.com\/index.php\/wp-json\/wp\/v2\/pages\/1026\/revisions"}],"predecessor-version":[{"id":1276,"href":"https:\/\/leaders-copilot.com\/index.php\/wp-json\/wp\/v2\/pages\/1026\/revisions\/1276"}],"wp:attachment":[{"href":"https:\/\/leaders-copilot.com\/index.php\/wp-json\/wp\/v2\/media?parent=1026"}],"curies":[{"name":"wp","href":"https:\/\/api.w.org\/{rel}","templated":true}]}}