{"id":1007,"date":"2025-11-07T17:36:36","date_gmt":"2025-11-07T16:36:36","guid":{"rendered":"https:\/\/leaders-copilot.com\/?page_id=1007"},"modified":"2025-11-22T20:13:46","modified_gmt":"2025-11-22T19:13:46","slug":"management-strategique","status":"publish","type":"page","link":"https:\/\/leaders-copilot.com\/index.php\/management-strategique\/","title":{"rendered":"Management strat\u00e9gique"},"content":{"rendered":"\n<div class=\"wp-block-cover is-light\" style=\"min-height:700px;aspect-ratio:unset;\"><img loading=\"lazy\" decoding=\"async\" width=\"2560\" height=\"1707\" class=\"wp-block-cover__image-background wp-image-752\" alt=\"\" src=\"http:\/\/leaders-copilot.com\/wp-content\/uploads\/2025\/03\/DSCF6092-scaled.jpg\" data-object-fit=\"cover\" srcset=\"https:\/\/leaders-copilot.com\/wp-content\/uploads\/2025\/03\/DSCF6092-scaled.jpg 2560w, https:\/\/leaders-copilot.com\/wp-content\/uploads\/2025\/03\/DSCF6092-300x200.jpg 300w, https:\/\/leaders-copilot.com\/wp-content\/uploads\/2025\/03\/DSCF6092-1024x683.jpg 1024w, https:\/\/leaders-copilot.com\/wp-content\/uploads\/2025\/03\/DSCF6092-2000x1333.jpg 2000w, https:\/\/leaders-copilot.com\/wp-content\/uploads\/2025\/03\/DSCF6092-600x400.jpg 600w, https:\/\/leaders-copilot.com\/wp-content\/uploads\/2025\/03\/DSCF6092-1200x800.jpg 1200w\" sizes=\"auto, (max-width: 2560px) 100vw, 2560px\" \/><span aria-hidden=\"true\" class=\"wp-block-cover__background has-primary-background-color has-background-dim\"><\/span><div class=\"wp-block-cover__inner-container has-global-padding is-layout-constrained wp-block-cover-is-layout-constrained\">\n<div style=\"height:250px\" aria-hidden=\"true\" class=\"wp-block-spacer\"><\/div>\n\n\n\n<p class=\"has-text-align-center has-large-font-size\" style=\"font-style:normal;font-weight:100\">Management strat\u00e9gique<\/p>\n\n\n\n<div style=\"height:280px\" aria-hidden=\"true\" class=\"wp-block-spacer\"><\/div>\n<\/div><\/div>\n\n\n\n<div class=\"wp-block-columns is-layout-flex wp-container-core-columns-is-layout-28f84493 wp-block-columns-is-layout-flex\">\n<div class=\"wp-block-column is-layout-flow wp-block-column-is-layout-flow\" style=\"flex-basis:33.33%\">\n<div class=\"wp-block-cover has-custom-content-position is-position-top-left\" style=\"padding-top:var(--wp--preset--spacing--small);padding-right:var(--wp--preset--spacing--x-small);padding-bottom:var(--wp--preset--spacing--small);padding-left:var(--wp--preset--spacing--x-small);min-height:517px;aspect-ratio:unset;\"><span aria-hidden=\"true\" class=\"wp-block-cover__background has-primary-background-color has-background-dim-70 has-background-dim\"><\/span><div class=\"wp-block-cover__inner-container is-layout-flow wp-block-cover-is-layout-flow\">\n<h3 class=\"wp-block-heading has-secondary-color has-text-color has-medium-font-size\" style=\"margin-top:0;margin-right:0;margin-bottom:0;margin-left:0\">Enjeux<\/h3>\n\n\n\n<div style=\"height:16px\" aria-hidden=\"true\" class=\"wp-block-spacer\"><\/div>\n\n\n\n<p>Avoir une strat\u00e9gie c&rsquo;est d\u00e9finir un positionnement pour son organisation, avoir un plan de d\u00e9veloppement pour y arriver et d\u00e9cliner des projets pour mobiliser ses \u00e9quipes.<\/p>\n\n\n\n<p class=\"has-text-align-left\">Pour un leader, le management strat\u00e9gique est l&rsquo;art de maitriser la destin\u00e9e de son organisation.<\/p>\n\n\n\n<p>Nous vous proposons un support concret pour vous aider dans vos arbitrages et concr\u00e9tiser votre vision.<\/p>\n<\/div><\/div>\n<\/div>\n\n\n\n<div class=\"wp-block-column is-layout-flow wp-block-column-is-layout-flow\" style=\"flex-basis:66.66%\">\n<div class=\"wp-block-cover is-light has-custom-content-position is-position-top-left\" style=\"padding-top:var(--wp--preset--spacing--small);padding-right:var(--wp--preset--spacing--x-small);padding-bottom:var(--wp--preset--spacing--small);padding-left:var(--wp--preset--spacing--x-small)\"><span aria-hidden=\"true\" class=\"wp-block-cover__background has-background-dim-0 has-background-dim\"><\/span><div class=\"wp-block-cover__inner-container is-layout-flow wp-block-cover-is-layout-flow\">\n<h3 class=\"wp-block-heading has-secondary-color has-text-color has-medium-font-size\" style=\"margin-top:0;margin-right:0;margin-bottom:0;margin-left:0\">Nos Services<\/h3>\n\n\n\n<div class=\"wp-block-cover\" style=\"min-height:100px;aspect-ratio:unset;\"><img loading=\"lazy\" decoding=\"async\" width=\"2130\" height=\"234\" class=\"wp-block-cover__image-background wp-image-1008 size-full\" alt=\"\" src=\"https:\/\/leaders-copilot.com\/wp-content\/uploads\/2025\/11\/Processus-management-strategique.png\" data-object-fit=\"cover\" srcset=\"https:\/\/leaders-copilot.com\/wp-content\/uploads\/2025\/11\/Processus-management-strategique.png 2130w, https:\/\/leaders-copilot.com\/wp-content\/uploads\/2025\/11\/Processus-management-strategique-300x33.png 300w, https:\/\/leaders-copilot.com\/wp-content\/uploads\/2025\/11\/Processus-management-strategique-1024x112.png 1024w, https:\/\/leaders-copilot.com\/wp-content\/uploads\/2025\/11\/Processus-management-strategique-2000x220.png 2000w\" sizes=\"auto, (max-width: 2130px) 100vw, 2130px\" \/><span aria-hidden=\"true\" class=\"wp-block-cover__background has-background-dim-10 has-background-dim\"><\/span><div class=\"wp-block-cover__inner-container has-global-padding is-layout-constrained wp-block-cover-is-layout-constrained\">\n<p class=\"has-text-align-center has-large-font-size\"><\/p>\n<\/div><\/div>\n\n\n\n<div class=\"wp-block-columns is-layout-flex wp-container-core-columns-is-layout-28f84493 wp-block-columns-is-layout-flex\">\n<div class=\"wp-block-column is-layout-flow wp-block-column-is-layout-flow\">\n<div class=\"wp-block-cover has-custom-content-position is-position-top-center has-border-color\" style=\"border-color:#D9D9D9;border-style:solid;border-width:1px;border-radius:0px;min-height:310px;aspect-ratio:unset;\"><img loading=\"lazy\" decoding=\"async\" width=\"1024\" height=\"683\" class=\"wp-block-cover__image-background wp-image-513 size-large\" alt=\"Vision strat\u00e9gique, planification strat\u00e9gique\" src=\"http:\/\/leaders-copilot.com\/wp-content\/uploads\/2025\/01\/DSCF7915-1024x683.jpg\" style=\"object-position:0% 0%\" data-object-fit=\"cover\" data-object-position=\"0% 0%\" srcset=\"https:\/\/leaders-copilot.com\/wp-content\/uploads\/2025\/01\/DSCF7915-1024x683.jpg 1024w, https:\/\/leaders-copilot.com\/wp-content\/uploads\/2025\/01\/DSCF7915-300x200.jpg 300w, https:\/\/leaders-copilot.com\/wp-content\/uploads\/2025\/01\/DSCF7915-2000x1333.jpg 2000w, https:\/\/leaders-copilot.com\/wp-content\/uploads\/2025\/01\/DSCF7915-600x400.jpg 600w, https:\/\/leaders-copilot.com\/wp-content\/uploads\/2025\/01\/DSCF7915-1200x800.jpg 1200w\" sizes=\"auto, (max-width: 1024px) 100vw, 1024px\" \/><span aria-hidden=\"true\" class=\"wp-block-cover__background has-primary-background-color has-background-dim-80 has-background-dim\"><\/span><div class=\"wp-block-cover__inner-container has-global-padding is-layout-constrained wp-block-cover-is-layout-constrained\">\n<p class=\"has-text-align-center has-lightgrey-color has-text-color has-link-color has-medium-font-size wp-elements-801d2ef36353bfbeac0815d064dd5596\" style=\"font-style:normal;font-weight:300\">Analyse d&rsquo;environnement<\/p>\n\n\n\n<p class=\"has-lightgrey-color has-text-color has-link-color wp-elements-ea5714a06c84290b7c5739602c2e73ca\" style=\"font-style:normal;font-weight:100\">Nous \u00e9tudions pour vous votre contexte concurrentiel, les tendances sociologique et technologique, ou encore les besoins \u00e9mergents pour une prise de d\u00e9cision \u00e9clair\u00e9e.<\/p>\n<\/div><\/div>\n<\/div>\n\n\n\n<div class=\"wp-block-column is-layout-flow wp-block-column-is-layout-flow\">\n<div class=\"wp-block-cover has-custom-content-position is-position-top-center has-border-color\" style=\"border-color:#D9D9D9;border-width:1px;border-radius:0px;min-height:310px;aspect-ratio:unset;\"><img loading=\"lazy\" decoding=\"async\" width=\"1024\" height=\"513\" class=\"wp-block-cover__image-background wp-image-1089 size-large\" alt=\"\" src=\"https:\/\/leaders-copilot.com\/wp-content\/uploads\/2025\/11\/maritim_chart_compass_north-631269-3960353555-1024x513.jpg\" data-object-fit=\"cover\" srcset=\"https:\/\/leaders-copilot.com\/wp-content\/uploads\/2025\/11\/maritim_chart_compass_north-631269-3960353555-1024x513.jpg 1024w, https:\/\/leaders-copilot.com\/wp-content\/uploads\/2025\/11\/maritim_chart_compass_north-631269-3960353555-300x150.jpg 300w, https:\/\/leaders-copilot.com\/wp-content\/uploads\/2025\/11\/maritim_chart_compass_north-631269-3960353555.jpg 1200w\" sizes=\"auto, (max-width: 1024px) 100vw, 1024px\" \/><span aria-hidden=\"true\" class=\"wp-block-cover__background has-primary-background-color has-background-dim-80 has-background-dim\"><\/span><div class=\"wp-block-cover__inner-container has-global-padding is-layout-constrained wp-block-cover-is-layout-constrained\">\n<p class=\"has-text-align-center has-lightgrey-color has-text-color has-link-color has-medium-font-size wp-elements-8d440a871bc3b8380e59df37afa3ffe4\" style=\"font-style:normal;font-weight:300\">Planification strat\u00e9gique<\/p>\n\n\n\n<p class=\"has-lightgrey-color has-text-color has-link-color wp-elements-6a1ff13127d2a21ecc036235e1625153\" style=\"font-style:normal;font-weight:100\">Nous vous aidons \u00e0 concr\u00e9tiser votre strat\u00e9gie en objectifs financiers et organisationnels afin de pouvoir communiquer un cap clair \u00e0 vos \u00e9quipes.<\/p>\n<\/div><\/div>\n<\/div>\n\n\n\n<div class=\"wp-block-column is-layout-flow wp-block-column-is-layout-flow\">\n<div class=\"wp-block-cover has-custom-content-position is-position-top-center has-border-color wp-duotone-unset-1\" style=\"border-color:#D9D9D9;border-width:1px;border-radius:0px;min-height:310px;aspect-ratio:unset;\"><img loading=\"lazy\" decoding=\"async\" width=\"1024\" height=\"680\" class=\"wp-block-cover__image-background wp-image-1094 size-large\" alt=\"\" src=\"https:\/\/leaders-copilot.com\/wp-content\/uploads\/2025\/11\/Capture-decran-2025-11-14-145254-1024x680.png\" data-object-fit=\"cover\" srcset=\"https:\/\/leaders-copilot.com\/wp-content\/uploads\/2025\/11\/Capture-decran-2025-11-14-145254-1024x680.png 1024w, https:\/\/leaders-copilot.com\/wp-content\/uploads\/2025\/11\/Capture-decran-2025-11-14-145254-300x199.png 300w, https:\/\/leaders-copilot.com\/wp-content\/uploads\/2025\/11\/Capture-decran-2025-11-14-145254.png 1195w\" sizes=\"auto, (max-width: 1024px) 100vw, 1024px\" \/><span aria-hidden=\"true\" class=\"wp-block-cover__background has-primary-background-color has-background-dim-80 has-background-dim\"><\/span><div class=\"wp-block-cover__inner-container has-global-padding is-layout-constrained wp-block-cover-is-layout-constrained\">\n<p class=\"has-text-align-center has-lightgrey-color has-text-color has-link-color has-medium-font-size wp-elements-c1e6339ec5d61698a89e6e750dfaed51\" style=\"font-style:normal;font-weight:300\">Roadmap<\/p>\n\n\n\n<p class=\"has-lightgrey-color has-text-color has-link-color wp-elements-711677d32f8917dc76c2e3f86fdf31ff\" style=\"font-style:normal;font-weight:100\">Nous vous aidons \u00e0 d\u00e9finir des projets de transformation et des priorit\u00e9s \u00e0 transmettre \u00e0 vos \u00e9quipes op\u00e9rationnelles, comme autant de pi\u00e8ces d&rsquo;un puzzle illustrant votre organisation dans les ann\u00e9es \u00e0 venir.<\/p>\n<\/div><\/div>\n<\/div>\n<\/div>\n<\/div><\/div>\n<\/div>\n<\/div>\n\n\n\n<div class=\"wp-block-columns is-layout-flex wp-container-core-columns-is-layout-28f84493 wp-block-columns-is-layout-flex\">\n<div class=\"wp-block-column is-layout-flow wp-block-column-is-layout-flow\" style=\"flex-basis:33.33%\">\n<div class=\"wp-block-cover has-custom-content-position is-position-top-left\" style=\"padding-top:var(--wp--preset--spacing--small);padding-right:var(--wp--preset--spacing--x-small);padding-bottom:var(--wp--preset--spacing--small);padding-left:var(--wp--preset--spacing--x-small);min-height:490px;aspect-ratio:unset;\"><img loading=\"lazy\" decoding=\"async\" width=\"2560\" height=\"1707\" class=\"wp-block-cover__image-background wp-image-744 size-full\" alt=\"\" src=\"http:\/\/leaders-copilot.com\/wp-content\/uploads\/2025\/03\/DSCF5851-scaled.jpg\" style=\"object-position:39% 56%\" data-object-fit=\"cover\" data-object-position=\"39% 56%\" srcset=\"https:\/\/leaders-copilot.com\/wp-content\/uploads\/2025\/03\/DSCF5851-scaled.jpg 2560w, https:\/\/leaders-copilot.com\/wp-content\/uploads\/2025\/03\/DSCF5851-300x200.jpg 300w, https:\/\/leaders-copilot.com\/wp-content\/uploads\/2025\/03\/DSCF5851-1024x683.jpg 1024w\" sizes=\"auto, (max-width: 2560px) 100vw, 2560px\" \/><span aria-hidden=\"true\" class=\"wp-block-cover__background has-primary-background-color has-background-dim-70 has-background-dim\"><\/span><div class=\"wp-block-cover__inner-container is-layout-flow wp-block-cover-is-layout-flow\">\n<h3 class=\"wp-block-heading has-secondary-color has-text-color has-medium-font-size\" style=\"margin-top:0;margin-right:0;margin-bottom:0;margin-left:0\">Histoire de travail<\/h3>\n\n\n\n<p><\/p>\n<\/div><\/div>\n<\/div>\n\n\n\n<div class=\"wp-block-column is-layout-flow wp-block-column-is-layout-flow\" style=\"flex-basis:66.66%\">\n<div class=\"wp-block-cover is-light has-custom-content-position is-position-top-left wp-duotone-unset-2\" style=\"padding-top:var(--wp--preset--spacing--small);padding-right:var(--wp--preset--spacing--x-small);padding-bottom:var(--wp--preset--spacing--small);padding-left:var(--wp--preset--spacing--x-small)\"><span aria-hidden=\"true\" class=\"wp-block-cover__background has-background-dim-0 has-background-dim\"><\/span><div class=\"wp-block-cover__inner-container is-layout-flow wp-block-cover-is-layout-flow\">\n<p class=\"has-background-color has-text-color has-link-color wp-elements-6d18ad35d0750ea37af3e38bdf48b5dd\">En grand amateur de nautisme, un de mes anciens directeur propose mes services \u00e0 une start-up europ\u00e9enne de construction navale en recherche de conseil. Cette entreprise a brevet\u00e9 une technologie de propulsion et m\u00e8ne des tests techniques sur diff\u00e9rent types d&#8217;embarcations destin\u00e9es \u00e0 la mobilit\u00e9 urbaine. Leur principal dilemme \u00e0 date concerne le design de l&rsquo;habitacle des bateaux, et ils souhaitent avoir un cadre et des propositions.<\/p>\n\n\n\n<p class=\"has-background-color has-text-color has-link-color wp-elements-2ace77bb3c63d4bcfdad8cf2a91fc51b\">Lorsque je leur demande quel est leur mod\u00e8le d&rsquo;affaires, ces ing\u00e9nieurs talentueux n&rsquo;ont pas de r\u00e9ponse. Ils ont d\u00e9clin\u00e9 leur concept en une multitude de produits possibles mais sans avoir r\u00e9ellement de positionnement clair et \u00e9conomiquement soutenable.<\/p>\n\n\n\n<p class=\"has-background-color has-text-color has-link-color wp-elements-c8fecce4418a6f1fa56a31f9f5f5b506\">Dans ce cas de figure, la meilleure pratique est d&rsquo;analyser l&rsquo;environnement d&rsquo;affaires de l&rsquo;entreprise, et en l\u2019occurrence ici, l&rsquo;urbanisme des villes pouvant constituer un march\u00e9, le type de trajets possibles en bateau, l&rsquo;environnement r\u00e9glementaire dans les centres urbains, afin de savoir quels sont les cas d&rsquo;usage potentiellement profitables. Transporter un touriste, n&rsquo;implique pas les m\u00eames besoins qu&rsquo;une mobilit\u00e9 du quotidien. L&rsquo;habitacle des bateaux n&rsquo;est ensuite, que le reflet des besoins de ceux \u00e0 qui ils sont destin\u00e9s.<\/p>\n\n\n\n<p class=\"has-background-color has-text-color has-link-color wp-elements-f344d60831cbe07a87d5d4dca54e4ebc\">Mon travail dans ce cas-ci est de donner un cadre \u00e0 ce qui n&rsquo;est encore qu&rsquo;un concept, afin qu&rsquo;il puisse r\u00e9aliser tout son potentiel. Avoir une pens\u00e9e strat\u00e9gique c&rsquo;est avant tout se donner les moyens de voir se r\u00e9aliser sa vision et ses ambitions.<\/p>\n<\/div><\/div>\n<\/div>\n<\/div>\n\n\n\n<div class=\"wp-block-columns is-layout-flex wp-container-core-columns-is-layout-28f84493 wp-block-columns-is-layout-flex\">\n<div class=\"wp-block-column is-layout-flow wp-block-column-is-layout-flow\" style=\"padding-top:0;padding-right:0;padding-bottom:0;padding-left:0\">\n<div class=\"wp-block-cover has-custom-content-position is-position-bottom-left\" style=\"padding-top:var(--wp--preset--spacing--small);padding-right:var(--wp--preset--spacing--x-small);padding-bottom:var(--wp--preset--spacing--small);padding-left:var(--wp--preset--spacing--x-small)\"><img loading=\"lazy\" decoding=\"async\" width=\"640\" height=\"480\" class=\"wp-block-cover__image-background wp-image-322\" alt=\"\" src=\"https:\/\/leaders-copilot.com\/wp-content\/uploads\/2025\/01\/Hang_up_the_phone._Unsplash.jpg\" data-object-fit=\"cover\" srcset=\"https:\/\/leaders-copilot.com\/wp-content\/uploads\/2025\/01\/Hang_up_the_phone._Unsplash.jpg 640w, https:\/\/leaders-copilot.com\/wp-content\/uploads\/2025\/01\/Hang_up_the_phone._Unsplash-300x225.jpg 300w\" sizes=\"auto, (max-width: 640px) 100vw, 640px\" \/><span aria-hidden=\"true\" class=\"wp-block-cover__background has-primary-background-color has-background-dim-70 has-background-dim\"><\/span><div class=\"wp-block-cover__inner-container is-layout-flow wp-block-cover-is-layout-flow\">\n<p class=\"has-text-align-left has-large-font-size\">Nous contacter<\/p>\n\n\n\n<div class=\"wp-block-group is-nowrap is-layout-flex wp-container-core-group-is-layout-6c531013 wp-block-group-is-layout-flex\">\n<figure class=\"wp-block-image size-full is-resized\" style=\"margin-top:0;margin-bottom:0\"><img loading=\"lazy\" decoding=\"async\" width=\"512\" height=\"512\" src=\"http:\/\/leaders-copilot.com\/wp-content\/uploads\/2025\/01\/phone-call-white-icon.png\" alt=\"\" class=\"wp-image-329\" style=\"width:34px\" srcset=\"https:\/\/leaders-copilot.com\/wp-content\/uploads\/2025\/01\/phone-call-white-icon.png 512w, https:\/\/leaders-copilot.com\/wp-content\/uploads\/2025\/01\/phone-call-white-icon-300x300.png 300w, https:\/\/leaders-copilot.com\/wp-content\/uploads\/2025\/01\/phone-call-white-icon-150x150.png 150w\" sizes=\"auto, (max-width: 512px) 100vw, 512px\" \/><\/figure>\n\n\n\n<p>+33 6 10 57 02 23<\/p>\n<\/div>\n\n\n\n<div class=\"wp-block-group is-nowrap is-layout-flex wp-container-core-group-is-layout-6c531013 wp-block-group-is-layout-flex\">\n<figure class=\"wp-block-image size-full is-resized is-style-default\" style=\"margin-top:0;margin-bottom:0\"><img loading=\"lazy\" decoding=\"async\" width=\"512\" height=\"512\" src=\"http:\/\/leaders-copilot.com\/wp-content\/uploads\/2025\/01\/email-envelope-line-white-icon.webp\" alt=\"\" class=\"wp-image-330\" style=\"width:34px\" srcset=\"https:\/\/leaders-copilot.com\/wp-content\/uploads\/2025\/01\/email-envelope-line-white-icon.webp 512w, https:\/\/leaders-copilot.com\/wp-content\/uploads\/2025\/01\/email-envelope-line-white-icon-300x300.webp 300w, https:\/\/leaders-copilot.com\/wp-content\/uploads\/2025\/01\/email-envelope-line-white-icon-150x150.webp 150w\" sizes=\"auto, (max-width: 512px) 100vw, 512px\" \/><\/figure>\n\n\n\n<p><a href=\"mailto:c.taledo@leaders-copilot.com\">c.taledo@leaders-copilot.com<\/a><\/p>\n<\/div>\n<\/div><\/div>\n<\/div>\n\n\n\n<div class=\"wp-block-column is-layout-flow wp-block-column-is-layout-flow\" style=\"flex-basis:33.33%\"><\/div>\n<\/div>\n\n\n\n<p><\/p>\n","protected":false},"excerpt":{"rendered":"","protected":false},"author":1,"featured_media":0,"parent":0,"menu_order":0,"comment_status":"closed","ping_status":"closed","template":"page-templates\/full-width-no-title.php","meta":{"footnotes":""},"class_list":["post-1007","page","type-page","status-publish","hentry"],"featured_media_urls":[],"_links":{"self":[{"href":"https:\/\/leaders-copilot.com\/index.php\/wp-json\/wp\/v2\/pages\/1007","targetHints":{"allow":["GET"]}}],"collection":[{"href":"https:\/\/leaders-copilot.com\/index.php\/wp-json\/wp\/v2\/pages"}],"about":[{"href":"https:\/\/leaders-copilot.com\/index.php\/wp-json\/wp\/v2\/types\/page"}],"author":[{"embeddable":true,"href":"https:\/\/leaders-copilot.com\/index.php\/wp-json\/wp\/v2\/users\/1"}],"replies":[{"embeddable":true,"href":"https:\/\/leaders-copilot.com\/index.php\/wp-json\/wp\/v2\/comments?post=1007"}],"version-history":[{"count":21,"href":"https:\/\/leaders-copilot.com\/index.php\/wp-json\/wp\/v2\/pages\/1007\/revisions"}],"predecessor-version":[{"id":1275,"href":"https:\/\/leaders-copilot.com\/index.php\/wp-json\/wp\/v2\/pages\/1007\/revisions\/1275"}],"wp:attachment":[{"href":"https:\/\/leaders-copilot.com\/index.php\/wp-json\/wp\/v2\/media?parent=1007"}],"curies":[{"name":"wp","href":"https:\/\/api.w.org\/{rel}","templated":true}]}}